{"id":9583,"date":"2025-06-30T13:00:15","date_gmt":"2025-06-30T10:00:15","guid":{"rendered":"https:\/\/traitdunion.gr\/product\/mot-de-psse-1-manuel-numerique"},"modified":"2025-07-08T13:03:45","modified_gmt":"2025-07-08T10:03:45","slug":"mot-de-psse-1-manuel-numerique","status":"publish","type":"product","link":"https:\/\/traitdunion.gr\/fr\/product\/mot-de-psse-1-manuel-numerique\/","title":{"rendered":"MOT DE P@SSE 1 MANUEL NUMERIQUE"},"content":{"rendered":"<p>Mot de p@sse s\u2019adresse \u00e0 de jeunes adolescents ayant atteint le niveau A1 du DELF Prim. La m\u00e9thode comprend trois niveaux qui am\u00e8nent les \u00e9l\u00e8ves au niveau B1 du Cadre europ\u00e9en commun de r\u00e9f\u00e9rence pour les langues. Elle vise \u00e0 maintenir une forte motivation des jeunes adolescents en proposant des personnages et des univers diff\u00e9rents \u00e0 chaque module, en organisant les th\u00e8mes lexicaux selon un ordre peu classique et en \u00ab surprenant \u00bb les \u00e9l\u00e8ves. Mot de p@sse insiste sur l\u2019importance du num\u00e9rique dans la vie des ados d\u2019aujourd\u2019hui. Le projet qui cl\u00f4t chaque module, les pages du cahier \u00ab Mes d\u00e9couvertes \u00bb -- o\u00f9 il est demand\u00e9 aux \u00e9l\u00e8ves de faire des recherches sur Internet \u2013 et \u00ab Mon blog \u00bb font travailler les \u00e9l\u00e8ves dans un contexte r\u00e9el en phase avec leur monde. Mot de p@sse, c\u2019est aussi\u2026 \u2022 une structure claire en le\u00e7ons \u2022 une progression coh\u00e9rente et rigoureuse \u2022 une dimension culturelle et interdisciplinaire \u2022 une \u00e9valuation compl\u00e8te \u2022 un travail sur les cinq comp\u00e9tences du DELF ainsi que sur des comp\u00e9tences transversales (citoyenne, artistique\u2026)<\/p>\n","protected":false},"excerpt":{"rendered":"<p>Mot de p@sse s\u2019adresse \u00e0 de jeunes adolescents ayant atteint le niveau A1 du DELF Prim. La m\u00e9thode comprend trois niveaux qui am\u00e8nent les \u00e9l\u00e8ves au niveau B1 du Cadre europ\u00e9en commun de r\u00e9f\u00e9rence pour les langues. Elle vise \u00e0 maintenir une forte motivation des jeunes adolescents en proposant des&hellip;<\/p>\n","protected":false},"featured_media":6897,"template":"","meta":{"_acf_changed":false},"product_brand":[],"product_cat":[201,137,200],"product_tag":[],"class_list":{"0":"post-9583","1":"product","2":"type-product","3":"status-publish","4":"has-post-thumbnail","6":"product_cat-mot-de-passe-1","7":"product_cat-methodoi","8":"product_cat-mot-de-passe","10":"first","11":"instock","12":"sale","13":"purchasable","14":"product-type-simple"},"acf":[],"yoast_head":"<!-- This site is optimized with the Yoast SEO plugin v27.4 - https:\/\/yoast.com\/product\/yoast-seo-wordpress\/ -->\n<title>MOT DE P@SSE 1 MANUEL NUMERIQUE &#8211; Trait D&#039; Union<\/title>\n<meta name=\"robots\" content=\"index, follow, max-snippet:-1, max-image-preview:large, max-video-preview:-1\" \/>\n<link rel=\"canonical\" href=\"https:\/\/traitdunion.gr\/fr\/product\/mot-de-psse-1-manuel-numerique\/\" \/>\n<meta property=\"og:locale\" content=\"fr_FR\" \/>\n<meta property=\"og:type\" content=\"article\" \/>\n<meta property=\"og:title\" content=\"MOT DE P@SSE 1 MANUEL NUMERIQUE &#8211; Trait D&#039; Union\" \/>\n<meta property=\"og:description\" content=\"Mot de p@sse s\u2019adresse \u00e0 de jeunes adolescents ayant atteint le niveau A1 du DELF Prim. La m\u00e9thode comprend trois niveaux qui am\u00e8nent les \u00e9l\u00e8ves au niveau B1 du Cadre europ\u00e9en commun de r\u00e9f\u00e9rence pour les langues. Elle vise \u00e0 maintenir une forte motivation des jeunes adolescents en proposant des&hellip;\" \/>\n<meta property=\"og:url\" content=\"https:\/\/traitdunion.gr\/fr\/product\/mot-de-psse-1-manuel-numerique\/\" \/>\n<meta property=\"og:site_name\" content=\"Trait D&#039; Union\" \/>\n<meta property=\"article:publisher\" content=\"https:\/\/www.facebook.com\/editionstraitdunion\" \/>\n<meta property=\"article:modified_time\" content=\"2025-07-08T10:03:45+00:00\" \/>\n<meta property=\"og:image\" content=\"https:\/\/traitdunion.gr\/wp-content\/uploads\/2021\/05\/MOT_DE_PASSE_1_MANUEL_NUMERIQUE.jpg\" \/>\n\t<meta property=\"og:image:width\" content=\"2000\" \/>\n\t<meta property=\"og:image:height\" content=\"2000\" \/>\n\t<meta property=\"og:image:type\" content=\"image\/jpeg\" \/>\n<meta name=\"twitter:card\" content=\"summary_large_image\" \/>\n<meta name=\"twitter:label1\" content=\"Dur\u00e9e de lecture estim\u00e9e\" \/>\n\t<meta name=\"twitter:data1\" content=\"1 minute\" \/>\n<script type=\"application\/ld+json\" class=\"yoast-schema-graph\">{\"@context\":\"https:\\\/\\\/schema.org\",\"@graph\":[{\"@type\":\"WebPage\",\"@id\":\"https:\\\/\\\/traitdunion.gr\\\/fr\\\/product\\\/mot-de-psse-1-manuel-numerique\\\/\",\"url\":\"https:\\\/\\\/traitdunion.gr\\\/fr\\\/product\\\/mot-de-psse-1-manuel-numerique\\\/\",\"name\":\"MOT DE P@SSE 1 MANUEL NUMERIQUE &#8211; Trait D&#039; Union\",\"isPartOf\":{\"@id\":\"https:\\\/\\\/traitdunion.gr\\\/fr\\\/#website\"},\"primaryImageOfPage\":{\"@id\":\"https:\\\/\\\/traitdunion.gr\\\/fr\\\/product\\\/mot-de-psse-1-manuel-numerique\\\/#primaryimage\"},\"image\":{\"@id\":\"https:\\\/\\\/traitdunion.gr\\\/fr\\\/product\\\/mot-de-psse-1-manuel-numerique\\\/#primaryimage\"},\"thumbnailUrl\":\"https:\\\/\\\/traitdunion.gr\\\/wp-content\\\/uploads\\\/2021\\\/05\\\/MOT_DE_PASSE_1_MANUEL_NUMERIQUE.jpg\",\"datePublished\":\"2025-06-30T10:00:15+00:00\",\"dateModified\":\"2025-07-08T10:03:45+00:00\",\"breadcrumb\":{\"@id\":\"https:\\\/\\\/traitdunion.gr\\\/fr\\\/product\\\/mot-de-psse-1-manuel-numerique\\\/#breadcrumb\"},\"inLanguage\":\"fr-FR\",\"potentialAction\":[{\"@type\":\"ReadAction\",\"target\":[\"https:\\\/\\\/traitdunion.gr\\\/fr\\\/product\\\/mot-de-psse-1-manuel-numerique\\\/\"]}]},{\"@type\":\"ImageObject\",\"inLanguage\":\"fr-FR\",\"@id\":\"https:\\\/\\\/traitdunion.gr\\\/fr\\\/product\\\/mot-de-psse-1-manuel-numerique\\\/#primaryimage\",\"url\":\"https:\\\/\\\/traitdunion.gr\\\/wp-content\\\/uploads\\\/2021\\\/05\\\/MOT_DE_PASSE_1_MANUEL_NUMERIQUE.jpg\",\"contentUrl\":\"https:\\\/\\\/traitdunion.gr\\\/wp-content\\\/uploads\\\/2021\\\/05\\\/MOT_DE_PASSE_1_MANUEL_NUMERIQUE.jpg\",\"width\":2000,\"height\":2000},{\"@type\":\"BreadcrumbList\",\"@id\":\"https:\\\/\\\/traitdunion.gr\\\/fr\\\/product\\\/mot-de-psse-1-manuel-numerique\\\/#breadcrumb\",\"itemListElement\":[{\"@type\":\"ListItem\",\"position\":1,\"name\":\"TRAIT D' UNION\",\"item\":\"https:\\\/\\\/traitdunion.gr\\\/fr\\\/\"},{\"@type\":\"ListItem\",\"position\":2,\"name\":\"Eshop\",\"item\":\"https:\\\/\\\/traitdunion.gr\\\/eshop\\\/\"},{\"@type\":\"ListItem\",\"position\":3,\"name\":\"MOT DE P@SSE 1 MANUEL NUMERIQUE\"}]},{\"@type\":\"WebSite\",\"@id\":\"https:\\\/\\\/traitdunion.gr\\\/fr\\\/#website\",\"url\":\"https:\\\/\\\/traitdunion.gr\\\/fr\\\/\",\"name\":\"Trait D&#039; Union\",\"description\":\"Publications de livres en fran\u00e7ais\",\"publisher\":{\"@id\":\"https:\\\/\\\/traitdunion.gr\\\/fr\\\/#organization\"},\"potentialAction\":[{\"@type\":\"SearchAction\",\"target\":{\"@type\":\"EntryPoint\",\"urlTemplate\":\"https:\\\/\\\/traitdunion.gr\\\/fr\\\/?s={search_term_string}\"},\"query-input\":{\"@type\":\"PropertyValueSpecification\",\"valueRequired\":true,\"valueName\":\"search_term_string\"}}],\"inLanguage\":\"fr-FR\"},{\"@type\":\"Organization\",\"@id\":\"https:\\\/\\\/traitdunion.gr\\\/fr\\\/#organization\",\"name\":\"Trait D' Union\",\"url\":\"https:\\\/\\\/traitdunion.gr\\\/fr\\\/\",\"logo\":{\"@type\":\"ImageObject\",\"inLanguage\":\"fr-FR\",\"@id\":\"https:\\\/\\\/traitdunion.gr\\\/fr\\\/#\\\/schema\\\/logo\\\/image\\\/\",\"url\":\"https:\\\/\\\/traitdunion.gr\\\/wp-content\\\/uploads\\\/2021\\\/06\\\/logo.svg\",\"contentUrl\":\"https:\\\/\\\/traitdunion.gr\\\/wp-content\\\/uploads\\\/2021\\\/06\\\/logo.svg\",\"width\":1,\"height\":1,\"caption\":\"Trait D' Union\"},\"image\":{\"@id\":\"https:\\\/\\\/traitdunion.gr\\\/fr\\\/#\\\/schema\\\/logo\\\/image\\\/\"},\"sameAs\":[\"https:\\\/\\\/www.facebook.com\\\/editionstraitdunion\",\"https:\\\/\\\/www.youtube.com\\\/channel\\\/UChVwITx_xZxsT2Rl9BGEI2Q\"]}]}<\/script>\n<!-- \/ Yoast SEO plugin. -->","yoast_head_json":{"title":"MOT DE P@SSE 1 MANUEL NUMERIQUE &#8211; Trait D&#039; Union","robots":{"index":"index","follow":"follow","max-snippet":"max-snippet:-1","max-image-preview":"max-image-preview:large","max-video-preview":"max-video-preview:-1"},"canonical":"https:\/\/traitdunion.gr\/fr\/product\/mot-de-psse-1-manuel-numerique\/","og_locale":"fr_FR","og_type":"article","og_title":"MOT DE P@SSE 1 MANUEL NUMERIQUE &#8211; Trait D&#039; Union","og_description":"Mot de p@sse s\u2019adresse \u00e0 de jeunes adolescents ayant atteint le niveau A1 du DELF Prim. La m\u00e9thode comprend trois niveaux qui am\u00e8nent les \u00e9l\u00e8ves au niveau B1 du Cadre europ\u00e9en commun de r\u00e9f\u00e9rence pour les langues. Elle vise \u00e0 maintenir une forte motivation des jeunes adolescents en proposant des&hellip;","og_url":"https:\/\/traitdunion.gr\/fr\/product\/mot-de-psse-1-manuel-numerique\/","og_site_name":"Trait D&#039; Union","article_publisher":"https:\/\/www.facebook.com\/editionstraitdunion","article_modified_time":"2025-07-08T10:03:45+00:00","og_image":[{"width":2000,"height":2000,"url":"https:\/\/traitdunion.gr\/wp-content\/uploads\/2021\/05\/MOT_DE_PASSE_1_MANUEL_NUMERIQUE.jpg","type":"image\/jpeg"}],"twitter_card":"summary_large_image","twitter_misc":{"Dur\u00e9e de lecture estim\u00e9e":"1 minute"},"schema":{"@context":"https:\/\/schema.org","@graph":[{"@type":"WebPage","@id":"https:\/\/traitdunion.gr\/fr\/product\/mot-de-psse-1-manuel-numerique\/","url":"https:\/\/traitdunion.gr\/fr\/product\/mot-de-psse-1-manuel-numerique\/","name":"MOT DE P@SSE 1 MANUEL NUMERIQUE &#8211; Trait D&#039; Union","isPartOf":{"@id":"https:\/\/traitdunion.gr\/fr\/#website"},"primaryImageOfPage":{"@id":"https:\/\/traitdunion.gr\/fr\/product\/mot-de-psse-1-manuel-numerique\/#primaryimage"},"image":{"@id":"https:\/\/traitdunion.gr\/fr\/product\/mot-de-psse-1-manuel-numerique\/#primaryimage"},"thumbnailUrl":"https:\/\/traitdunion.gr\/wp-content\/uploads\/2021\/05\/MOT_DE_PASSE_1_MANUEL_NUMERIQUE.jpg","datePublished":"2025-06-30T10:00:15+00:00","dateModified":"2025-07-08T10:03:45+00:00","breadcrumb":{"@id":"https:\/\/traitdunion.gr\/fr\/product\/mot-de-psse-1-manuel-numerique\/#breadcrumb"},"inLanguage":"fr-FR","potentialAction":[{"@type":"ReadAction","target":["https:\/\/traitdunion.gr\/fr\/product\/mot-de-psse-1-manuel-numerique\/"]}]},{"@type":"ImageObject","inLanguage":"fr-FR","@id":"https:\/\/traitdunion.gr\/fr\/product\/mot-de-psse-1-manuel-numerique\/#primaryimage","url":"https:\/\/traitdunion.gr\/wp-content\/uploads\/2021\/05\/MOT_DE_PASSE_1_MANUEL_NUMERIQUE.jpg","contentUrl":"https:\/\/traitdunion.gr\/wp-content\/uploads\/2021\/05\/MOT_DE_PASSE_1_MANUEL_NUMERIQUE.jpg","width":2000,"height":2000},{"@type":"BreadcrumbList","@id":"https:\/\/traitdunion.gr\/fr\/product\/mot-de-psse-1-manuel-numerique\/#breadcrumb","itemListElement":[{"@type":"ListItem","position":1,"name":"TRAIT D' UNION","item":"https:\/\/traitdunion.gr\/fr\/"},{"@type":"ListItem","position":2,"name":"Eshop","item":"https:\/\/traitdunion.gr\/eshop\/"},{"@type":"ListItem","position":3,"name":"MOT DE P@SSE 1 MANUEL NUMERIQUE"}]},{"@type":"WebSite","@id":"https:\/\/traitdunion.gr\/fr\/#website","url":"https:\/\/traitdunion.gr\/fr\/","name":"Trait D&#039; Union","description":"Publications de livres en fran\u00e7ais","publisher":{"@id":"https:\/\/traitdunion.gr\/fr\/#organization"},"potentialAction":[{"@type":"SearchAction","target":{"@type":"EntryPoint","urlTemplate":"https:\/\/traitdunion.gr\/fr\/?s={search_term_string}"},"query-input":{"@type":"PropertyValueSpecification","valueRequired":true,"valueName":"search_term_string"}}],"inLanguage":"fr-FR"},{"@type":"Organization","@id":"https:\/\/traitdunion.gr\/fr\/#organization","name":"Trait D' Union","url":"https:\/\/traitdunion.gr\/fr\/","logo":{"@type":"ImageObject","inLanguage":"fr-FR","@id":"https:\/\/traitdunion.gr\/fr\/#\/schema\/logo\/image\/","url":"https:\/\/traitdunion.gr\/wp-content\/uploads\/2021\/06\/logo.svg","contentUrl":"https:\/\/traitdunion.gr\/wp-content\/uploads\/2021\/06\/logo.svg","width":1,"height":1,"caption":"Trait D' Union"},"image":{"@id":"https:\/\/traitdunion.gr\/fr\/#\/schema\/logo\/image\/"},"sameAs":["https:\/\/www.facebook.com\/editionstraitdunion","https:\/\/www.youtube.com\/channel\/UChVwITx_xZxsT2Rl9BGEI2Q"]}]}},"_links":{"self":[{"href":"https:\/\/traitdunion.gr\/fr\/wp-json\/wp\/v2\/product\/9583","targetHints":{"allow":["GET"]}}],"collection":[{"href":"https:\/\/traitdunion.gr\/fr\/wp-json\/wp\/v2\/product"}],"about":[{"href":"https:\/\/traitdunion.gr\/fr\/wp-json\/wp\/v2\/types\/product"}],"wp:featuredmedia":[{"embeddable":true,"href":"https:\/\/traitdunion.gr\/fr\/wp-json\/wp\/v2\/media\/6897"}],"wp:attachment":[{"href":"https:\/\/traitdunion.gr\/fr\/wp-json\/wp\/v2\/media?parent=9583"}],"wp:term":[{"taxonomy":"product_brand","embeddable":true,"href":"https:\/\/traitdunion.gr\/fr\/wp-json\/wp\/v2\/product_brand?post=9583"},{"taxonomy":"product_cat","embeddable":true,"href":"https:\/\/traitdunion.gr\/fr\/wp-json\/wp\/v2\/product_cat?post=9583"},{"taxonomy":"product_tag","embeddable":true,"href":"https:\/\/traitdunion.gr\/fr\/wp-json\/wp\/v2\/product_tag?post=9583"}],"curies":[{"name":"wp","href":"https:\/\/api.w.org\/{rel}","templated":true}]}}