{"id":9514,"date":"2025-06-30T12:59:31","date_gmt":"2025-06-30T09:59:31","guid":{"rendered":"https:\/\/traitdunion.gr\/product\/tac-au-tac-1"},"modified":"2026-01-31T15:41:33","modified_gmt":"2026-01-31T13:41:33","slug":"tac-au-tac-1","status":"publish","type":"product","link":"https:\/\/traitdunion.gr\/fr\/product\/tac-au-tac-1\/","title":{"rendered":"TAC AU TAC 1"},"content":{"rendered":"<p>La m\u00e9thode pour parler et grandir en fran\u00e7ais ! Tac au tac est une nouvelle m\u00e9thode pour les enfants de d\u00e9but de primaire. Elle s\u2019inscrit dans une approche actionnelle avec un projet collaboratif pour bricoler et \u00e9changer en fran\u00e7ais. Par son univers et son recours syst\u00e9matique \u00e0 l\u2019imaginaire, la m\u00e9thode \u00e9veille la curiosit\u00e9 des enfants et donne envie d\u2019apprendre. Tac au tac c\u2019est aussi : * une p\u00e9dagogie diff\u00e9renci\u00e9e pour s\u2019adapter \u00e0 chaque enfant * une forte dimension interculturelle et plurilingue * des activit\u00e9s qui font appel aux intelligences multiples * 13 chansons originales chant\u00e9es par des enfants (CD de chansons) * des animations avec les personnages de la m\u00e9thode en situation (DVD) * un seul manuel facilement manipulable comprenant le livre de l\u2019\u00e9l\u00e8ve suivi du cahier<\/p>\n","protected":false},"excerpt":{"rendered":"<p>La m\u00e9thode pour parler et grandir en fran\u00e7ais ! Tac au tac est une nouvelle m\u00e9thode pour les enfants de d\u00e9but de primaire. Elle s\u2019inscrit dans une approche actionnelle avec un projet collaboratif pour bricoler et \u00e9changer en fran\u00e7ais. Par son univers et son recours syst\u00e9matique \u00e0 l\u2019imaginaire, la m\u00e9thode&hellip;<\/p>\n","protected":false},"featured_media":6902,"template":"","meta":{"_acf_changed":false},"product_brand":[],"product_cat":[161,137,160],"product_tag":[],"class_list":{"0":"post-9514","1":"product","2":"type-product","3":"status-publish","4":"has-post-thumbnail","6":"product_cat-tac-au-tac-1","7":"product_cat-methodoi","8":"product_cat-tac-au-tac","10":"first","11":"instock","12":"sale","13":"purchasable","14":"product-type-simple"},"acf":[],"yoast_head":"<!-- This site is optimized with the Yoast SEO plugin v27.4 - https:\/\/yoast.com\/product\/yoast-seo-wordpress\/ -->\n<title>TAC AU TAC 1 &#8211; Trait D&#039; Union<\/title>\n<meta name=\"robots\" content=\"index, follow, max-snippet:-1, max-image-preview:large, max-video-preview:-1\" \/>\n<link rel=\"canonical\" href=\"https:\/\/traitdunion.gr\/fr\/product\/tac-au-tac-1\/\" \/>\n<meta property=\"og:locale\" content=\"fr_FR\" \/>\n<meta property=\"og:type\" content=\"article\" \/>\n<meta property=\"og:title\" content=\"TAC AU TAC 1 &#8211; Trait D&#039; Union\" \/>\n<meta property=\"og:description\" content=\"La m\u00e9thode pour parler et grandir en fran\u00e7ais ! Tac au tac est une nouvelle m\u00e9thode pour les enfants de d\u00e9but de primaire. Elle s\u2019inscrit dans une approche actionnelle avec un projet collaboratif pour bricoler et \u00e9changer en fran\u00e7ais. Par son univers et son recours syst\u00e9matique \u00e0 l\u2019imaginaire, la m\u00e9thode&hellip;\" \/>\n<meta property=\"og:url\" content=\"https:\/\/traitdunion.gr\/fr\/product\/tac-au-tac-1\/\" \/>\n<meta property=\"og:site_name\" content=\"Trait D&#039; Union\" \/>\n<meta property=\"article:publisher\" content=\"https:\/\/www.facebook.com\/editionstraitdunion\" \/>\n<meta property=\"article:modified_time\" content=\"2026-01-31T13:41:33+00:00\" \/>\n<meta property=\"og:image\" content=\"https:\/\/traitdunion.gr\/wp-content\/uploads\/2021\/05\/TAC_AU_TAC_1_LIVRE_ELEVE.jpg\" \/>\n\t<meta property=\"og:image:width\" content=\"1541\" \/>\n\t<meta property=\"og:image:height\" content=\"2000\" \/>\n\t<meta property=\"og:image:type\" content=\"image\/jpeg\" \/>\n<meta name=\"twitter:card\" content=\"summary_large_image\" \/>\n<meta name=\"twitter:label1\" content=\"Dur\u00e9e de lecture estim\u00e9e\" \/>\n\t<meta name=\"twitter:data1\" content=\"1 minute\" \/>\n<script type=\"application\/ld+json\" class=\"yoast-schema-graph\">{\"@context\":\"https:\\\/\\\/schema.org\",\"@graph\":[{\"@type\":\"WebPage\",\"@id\":\"https:\\\/\\\/traitdunion.gr\\\/fr\\\/product\\\/tac-au-tac-1\\\/\",\"url\":\"https:\\\/\\\/traitdunion.gr\\\/fr\\\/product\\\/tac-au-tac-1\\\/\",\"name\":\"TAC AU TAC 1 &#8211; Trait D&#039; Union\",\"isPartOf\":{\"@id\":\"https:\\\/\\\/traitdunion.gr\\\/fr\\\/#website\"},\"primaryImageOfPage\":{\"@id\":\"https:\\\/\\\/traitdunion.gr\\\/fr\\\/product\\\/tac-au-tac-1\\\/#primaryimage\"},\"image\":{\"@id\":\"https:\\\/\\\/traitdunion.gr\\\/fr\\\/product\\\/tac-au-tac-1\\\/#primaryimage\"},\"thumbnailUrl\":\"https:\\\/\\\/traitdunion.gr\\\/wp-content\\\/uploads\\\/2021\\\/05\\\/TAC_AU_TAC_1_LIVRE_ELEVE.jpg\",\"datePublished\":\"2025-06-30T09:59:31+00:00\",\"dateModified\":\"2026-01-31T13:41:33+00:00\",\"breadcrumb\":{\"@id\":\"https:\\\/\\\/traitdunion.gr\\\/fr\\\/product\\\/tac-au-tac-1\\\/#breadcrumb\"},\"inLanguage\":\"fr-FR\",\"potentialAction\":[{\"@type\":\"ReadAction\",\"target\":[\"https:\\\/\\\/traitdunion.gr\\\/fr\\\/product\\\/tac-au-tac-1\\\/\"]}]},{\"@type\":\"ImageObject\",\"inLanguage\":\"fr-FR\",\"@id\":\"https:\\\/\\\/traitdunion.gr\\\/fr\\\/product\\\/tac-au-tac-1\\\/#primaryimage\",\"url\":\"https:\\\/\\\/traitdunion.gr\\\/wp-content\\\/uploads\\\/2021\\\/05\\\/TAC_AU_TAC_1_LIVRE_ELEVE.jpg\",\"contentUrl\":\"https:\\\/\\\/traitdunion.gr\\\/wp-content\\\/uploads\\\/2021\\\/05\\\/TAC_AU_TAC_1_LIVRE_ELEVE.jpg\",\"width\":1541,\"height\":2000},{\"@type\":\"BreadcrumbList\",\"@id\":\"https:\\\/\\\/traitdunion.gr\\\/fr\\\/product\\\/tac-au-tac-1\\\/#breadcrumb\",\"itemListElement\":[{\"@type\":\"ListItem\",\"position\":1,\"name\":\"TRAIT D' UNION\",\"item\":\"https:\\\/\\\/traitdunion.gr\\\/fr\\\/\"},{\"@type\":\"ListItem\",\"position\":2,\"name\":\"Eshop\",\"item\":\"https:\\\/\\\/traitdunion.gr\\\/eshop\\\/\"},{\"@type\":\"ListItem\",\"position\":3,\"name\":\"TAC AU TAC 1\"}]},{\"@type\":\"WebSite\",\"@id\":\"https:\\\/\\\/traitdunion.gr\\\/fr\\\/#website\",\"url\":\"https:\\\/\\\/traitdunion.gr\\\/fr\\\/\",\"name\":\"Trait D&#039; Union\",\"description\":\"Publications de livres en fran\u00e7ais\",\"publisher\":{\"@id\":\"https:\\\/\\\/traitdunion.gr\\\/fr\\\/#organization\"},\"potentialAction\":[{\"@type\":\"SearchAction\",\"target\":{\"@type\":\"EntryPoint\",\"urlTemplate\":\"https:\\\/\\\/traitdunion.gr\\\/fr\\\/?s={search_term_string}\"},\"query-input\":{\"@type\":\"PropertyValueSpecification\",\"valueRequired\":true,\"valueName\":\"search_term_string\"}}],\"inLanguage\":\"fr-FR\"},{\"@type\":\"Organization\",\"@id\":\"https:\\\/\\\/traitdunion.gr\\\/fr\\\/#organization\",\"name\":\"Trait D' Union\",\"url\":\"https:\\\/\\\/traitdunion.gr\\\/fr\\\/\",\"logo\":{\"@type\":\"ImageObject\",\"inLanguage\":\"fr-FR\",\"@id\":\"https:\\\/\\\/traitdunion.gr\\\/fr\\\/#\\\/schema\\\/logo\\\/image\\\/\",\"url\":\"https:\\\/\\\/traitdunion.gr\\\/wp-content\\\/uploads\\\/2021\\\/06\\\/logo.svg\",\"contentUrl\":\"https:\\\/\\\/traitdunion.gr\\\/wp-content\\\/uploads\\\/2021\\\/06\\\/logo.svg\",\"width\":1,\"height\":1,\"caption\":\"Trait D' Union\"},\"image\":{\"@id\":\"https:\\\/\\\/traitdunion.gr\\\/fr\\\/#\\\/schema\\\/logo\\\/image\\\/\"},\"sameAs\":[\"https:\\\/\\\/www.facebook.com\\\/editionstraitdunion\",\"https:\\\/\\\/www.youtube.com\\\/channel\\\/UChVwITx_xZxsT2Rl9BGEI2Q\"]}]}<\/script>\n<!-- \/ Yoast SEO plugin. -->","yoast_head_json":{"title":"TAC AU TAC 1 &#8211; Trait D&#039; Union","robots":{"index":"index","follow":"follow","max-snippet":"max-snippet:-1","max-image-preview":"max-image-preview:large","max-video-preview":"max-video-preview:-1"},"canonical":"https:\/\/traitdunion.gr\/fr\/product\/tac-au-tac-1\/","og_locale":"fr_FR","og_type":"article","og_title":"TAC AU TAC 1 &#8211; Trait D&#039; Union","og_description":"La m\u00e9thode pour parler et grandir en fran\u00e7ais ! Tac au tac est une nouvelle m\u00e9thode pour les enfants de d\u00e9but de primaire. Elle s\u2019inscrit dans une approche actionnelle avec un projet collaboratif pour bricoler et \u00e9changer en fran\u00e7ais. Par son univers et son recours syst\u00e9matique \u00e0 l\u2019imaginaire, la m\u00e9thode&hellip;","og_url":"https:\/\/traitdunion.gr\/fr\/product\/tac-au-tac-1\/","og_site_name":"Trait D&#039; Union","article_publisher":"https:\/\/www.facebook.com\/editionstraitdunion","article_modified_time":"2026-01-31T13:41:33+00:00","og_image":[{"width":1541,"height":2000,"url":"https:\/\/traitdunion.gr\/wp-content\/uploads\/2021\/05\/TAC_AU_TAC_1_LIVRE_ELEVE.jpg","type":"image\/jpeg"}],"twitter_card":"summary_large_image","twitter_misc":{"Dur\u00e9e de lecture estim\u00e9e":"1 minute"},"schema":{"@context":"https:\/\/schema.org","@graph":[{"@type":"WebPage","@id":"https:\/\/traitdunion.gr\/fr\/product\/tac-au-tac-1\/","url":"https:\/\/traitdunion.gr\/fr\/product\/tac-au-tac-1\/","name":"TAC AU TAC 1 &#8211; Trait D&#039; Union","isPartOf":{"@id":"https:\/\/traitdunion.gr\/fr\/#website"},"primaryImageOfPage":{"@id":"https:\/\/traitdunion.gr\/fr\/product\/tac-au-tac-1\/#primaryimage"},"image":{"@id":"https:\/\/traitdunion.gr\/fr\/product\/tac-au-tac-1\/#primaryimage"},"thumbnailUrl":"https:\/\/traitdunion.gr\/wp-content\/uploads\/2021\/05\/TAC_AU_TAC_1_LIVRE_ELEVE.jpg","datePublished":"2025-06-30T09:59:31+00:00","dateModified":"2026-01-31T13:41:33+00:00","breadcrumb":{"@id":"https:\/\/traitdunion.gr\/fr\/product\/tac-au-tac-1\/#breadcrumb"},"inLanguage":"fr-FR","potentialAction":[{"@type":"ReadAction","target":["https:\/\/traitdunion.gr\/fr\/product\/tac-au-tac-1\/"]}]},{"@type":"ImageObject","inLanguage":"fr-FR","@id":"https:\/\/traitdunion.gr\/fr\/product\/tac-au-tac-1\/#primaryimage","url":"https:\/\/traitdunion.gr\/wp-content\/uploads\/2021\/05\/TAC_AU_TAC_1_LIVRE_ELEVE.jpg","contentUrl":"https:\/\/traitdunion.gr\/wp-content\/uploads\/2021\/05\/TAC_AU_TAC_1_LIVRE_ELEVE.jpg","width":1541,"height":2000},{"@type":"BreadcrumbList","@id":"https:\/\/traitdunion.gr\/fr\/product\/tac-au-tac-1\/#breadcrumb","itemListElement":[{"@type":"ListItem","position":1,"name":"TRAIT D' UNION","item":"https:\/\/traitdunion.gr\/fr\/"},{"@type":"ListItem","position":2,"name":"Eshop","item":"https:\/\/traitdunion.gr\/eshop\/"},{"@type":"ListItem","position":3,"name":"TAC AU TAC 1"}]},{"@type":"WebSite","@id":"https:\/\/traitdunion.gr\/fr\/#website","url":"https:\/\/traitdunion.gr\/fr\/","name":"Trait D&#039; Union","description":"Publications de livres en fran\u00e7ais","publisher":{"@id":"https:\/\/traitdunion.gr\/fr\/#organization"},"potentialAction":[{"@type":"SearchAction","target":{"@type":"EntryPoint","urlTemplate":"https:\/\/traitdunion.gr\/fr\/?s={search_term_string}"},"query-input":{"@type":"PropertyValueSpecification","valueRequired":true,"valueName":"search_term_string"}}],"inLanguage":"fr-FR"},{"@type":"Organization","@id":"https:\/\/traitdunion.gr\/fr\/#organization","name":"Trait D' Union","url":"https:\/\/traitdunion.gr\/fr\/","logo":{"@type":"ImageObject","inLanguage":"fr-FR","@id":"https:\/\/traitdunion.gr\/fr\/#\/schema\/logo\/image\/","url":"https:\/\/traitdunion.gr\/wp-content\/uploads\/2021\/06\/logo.svg","contentUrl":"https:\/\/traitdunion.gr\/wp-content\/uploads\/2021\/06\/logo.svg","width":1,"height":1,"caption":"Trait D' Union"},"image":{"@id":"https:\/\/traitdunion.gr\/fr\/#\/schema\/logo\/image\/"},"sameAs":["https:\/\/www.facebook.com\/editionstraitdunion","https:\/\/www.youtube.com\/channel\/UChVwITx_xZxsT2Rl9BGEI2Q"]}]}},"_links":{"self":[{"href":"https:\/\/traitdunion.gr\/fr\/wp-json\/wp\/v2\/product\/9514","targetHints":{"allow":["GET"]}}],"collection":[{"href":"https:\/\/traitdunion.gr\/fr\/wp-json\/wp\/v2\/product"}],"about":[{"href":"https:\/\/traitdunion.gr\/fr\/wp-json\/wp\/v2\/types\/product"}],"wp:featuredmedia":[{"embeddable":true,"href":"https:\/\/traitdunion.gr\/fr\/wp-json\/wp\/v2\/media\/6902"}],"wp:attachment":[{"href":"https:\/\/traitdunion.gr\/fr\/wp-json\/wp\/v2\/media?parent=9514"}],"wp:term":[{"taxonomy":"product_brand","embeddable":true,"href":"https:\/\/traitdunion.gr\/fr\/wp-json\/wp\/v2\/product_brand?post=9514"},{"taxonomy":"product_cat","embeddable":true,"href":"https:\/\/traitdunion.gr\/fr\/wp-json\/wp\/v2\/product_cat?post=9514"},{"taxonomy":"product_tag","embeddable":true,"href":"https:\/\/traitdunion.gr\/fr\/wp-json\/wp\/v2\/product_tag?post=9514"}],"curies":[{"name":"wp","href":"https:\/\/api.w.org\/{rel}","templated":true}]}}