{"id":10450,"date":"2026-03-05T12:59:40","date_gmt":"2026-03-05T10:59:40","guid":{"rendered":"https:\/\/traitdunion.gr\/product\/la-marche-de-l-incertitude"},"modified":"2026-03-05T13:36:42","modified_gmt":"2026-03-05T11:36:42","slug":"la-marche-de-l-incertitude","status":"publish","type":"product","link":"https:\/\/traitdunion.gr\/fr\/product\/la-marche-de-l-incertitude\/","title":{"rendered":"LA MARCHE DE L' INCERTITUDE"},"content":{"rendered":"<p>Un colonel \u00e0 la retraite qui trouve un b\u00e9b\u00e9 devant sa porte\u2026 Une jeune fille amoureuse forc\u00e9e \u00e0 l\u2019exil \u00e0 cause d\u2019un \u0153uf \u00ab magique \u00bb\u2026 Un adolescent qui se passionne pour les sciences et la litt\u00e9rature\u2026 Un \u00ab chat \u00bb qui vole des tapis\u2026 Mais quel est le lien entre tous ces personnages ? Entre la Tunisie et la France, entre les superstitions et l\u2019univers rationnel des sciences, le hasard joue \u00e0 s\u00e9parer et r\u00e9unir les hommes par les moyens les plus improbables. Un roman \u00e0 l\u2019humour joyeux pour se rappeler que dans la vie tout peut arriver\u2026 m\u00eame le meilleur !<\/p>\n","protected":false},"excerpt":{"rendered":"<p>Un colonel \u00e0 la retraite qui trouve un b\u00e9b\u00e9 devant sa porte\u2026 Une jeune fille amoureuse forc\u00e9e \u00e0 l\u2019exil \u00e0 cause d\u2019un \u0153uf \u00ab magique \u00bb\u2026 Un adolescent qui se passionne pour les sciences et la litt\u00e9rature\u2026 Un \u00ab chat \u00bb qui vole des tapis\u2026 Mais quel est le lien&hellip;<\/p>\n","protected":false},"featured_media":10392,"template":"","meta":{"_acf_changed":false},"product_brand":[],"product_cat":[283,279],"product_tag":[],"class_list":{"0":"post-10450","1":"product","2":"type-product","3":"status-publish","4":"has-post-thumbnail","6":"product_cat-niveau-b1","7":"product_cat-anagnosmata","9":"first","10":"instock","11":"sale","12":"purchasable","13":"product-type-simple"},"acf":[],"yoast_head":"<!-- This site is optimized with the Yoast SEO plugin v27.4 - https:\/\/yoast.com\/product\/yoast-seo-wordpress\/ -->\n<title>LA MARCHE DE L&#039; INCERTITUDE &#8211; Trait D&#039; Union<\/title>\n<meta name=\"robots\" content=\"index, follow, max-snippet:-1, max-image-preview:large, max-video-preview:-1\" \/>\n<link rel=\"canonical\" href=\"https:\/\/traitdunion.gr\/fr\/product\/la-marche-de-l-incertitude\/\" \/>\n<meta property=\"og:locale\" content=\"fr_FR\" \/>\n<meta property=\"og:type\" content=\"article\" \/>\n<meta property=\"og:title\" content=\"LA MARCHE DE L&#039; INCERTITUDE &#8211; Trait D&#039; Union\" \/>\n<meta property=\"og:description\" content=\"Un colonel \u00e0 la retraite qui trouve un b\u00e9b\u00e9 devant sa porte\u2026 Une jeune fille amoureuse forc\u00e9e \u00e0 l\u2019exil \u00e0 cause d\u2019un \u0153uf \u00ab magique \u00bb\u2026 Un adolescent qui se passionne pour les sciences et la litt\u00e9rature\u2026 Un \u00ab chat \u00bb qui vole des tapis\u2026 Mais quel est le lien&hellip;\" \/>\n<meta property=\"og:url\" content=\"https:\/\/traitdunion.gr\/fr\/product\/la-marche-de-l-incertitude\/\" \/>\n<meta property=\"og:site_name\" content=\"Trait D&#039; Union\" \/>\n<meta property=\"article:publisher\" content=\"https:\/\/www.facebook.com\/editionstraitdunion\" \/>\n<meta property=\"article:modified_time\" content=\"2026-03-05T11:36:42+00:00\" \/>\n<meta property=\"og:image\" content=\"https:\/\/traitdunion.gr\/wp-content\/uploads\/2026\/03\/9782278076635.jpeg\" \/>\n\t<meta property=\"og:image:width\" content=\"1042\" \/>\n\t<meta property=\"og:image:height\" content=\"1584\" \/>\n\t<meta property=\"og:image:type\" content=\"image\/jpeg\" \/>\n<meta name=\"twitter:card\" content=\"summary_large_image\" \/>\n<meta name=\"twitter:label1\" content=\"Dur\u00e9e de lecture estim\u00e9e\" \/>\n\t<meta name=\"twitter:data1\" content=\"1 minute\" \/>\n<script type=\"application\/ld+json\" class=\"yoast-schema-graph\">{\"@context\":\"https:\\\/\\\/schema.org\",\"@graph\":[{\"@type\":\"WebPage\",\"@id\":\"https:\\\/\\\/traitdunion.gr\\\/fr\\\/product\\\/la-marche-de-l-incertitude\\\/\",\"url\":\"https:\\\/\\\/traitdunion.gr\\\/fr\\\/product\\\/la-marche-de-l-incertitude\\\/\",\"name\":\"LA MARCHE DE L' INCERTITUDE &#8211; Trait D&#039; Union\",\"isPartOf\":{\"@id\":\"https:\\\/\\\/traitdunion.gr\\\/fr\\\/#website\"},\"primaryImageOfPage\":{\"@id\":\"https:\\\/\\\/traitdunion.gr\\\/fr\\\/product\\\/la-marche-de-l-incertitude\\\/#primaryimage\"},\"image\":{\"@id\":\"https:\\\/\\\/traitdunion.gr\\\/fr\\\/product\\\/la-marche-de-l-incertitude\\\/#primaryimage\"},\"thumbnailUrl\":\"https:\\\/\\\/traitdunion.gr\\\/wp-content\\\/uploads\\\/2026\\\/03\\\/9782278076635.jpeg\",\"datePublished\":\"2026-03-05T10:59:40+00:00\",\"dateModified\":\"2026-03-05T11:36:42+00:00\",\"breadcrumb\":{\"@id\":\"https:\\\/\\\/traitdunion.gr\\\/fr\\\/product\\\/la-marche-de-l-incertitude\\\/#breadcrumb\"},\"inLanguage\":\"fr-FR\",\"potentialAction\":[{\"@type\":\"ReadAction\",\"target\":[\"https:\\\/\\\/traitdunion.gr\\\/fr\\\/product\\\/la-marche-de-l-incertitude\\\/\"]}]},{\"@type\":\"ImageObject\",\"inLanguage\":\"fr-FR\",\"@id\":\"https:\\\/\\\/traitdunion.gr\\\/fr\\\/product\\\/la-marche-de-l-incertitude\\\/#primaryimage\",\"url\":\"https:\\\/\\\/traitdunion.gr\\\/wp-content\\\/uploads\\\/2026\\\/03\\\/9782278076635.jpeg\",\"contentUrl\":\"https:\\\/\\\/traitdunion.gr\\\/wp-content\\\/uploads\\\/2026\\\/03\\\/9782278076635.jpeg\",\"width\":1042,\"height\":1584},{\"@type\":\"BreadcrumbList\",\"@id\":\"https:\\\/\\\/traitdunion.gr\\\/fr\\\/product\\\/la-marche-de-l-incertitude\\\/#breadcrumb\",\"itemListElement\":[{\"@type\":\"ListItem\",\"position\":1,\"name\":\"TRAIT D' UNION\",\"item\":\"https:\\\/\\\/traitdunion.gr\\\/fr\\\/\"},{\"@type\":\"ListItem\",\"position\":2,\"name\":\"Eshop\",\"item\":\"https:\\\/\\\/traitdunion.gr\\\/eshop\\\/\"},{\"@type\":\"ListItem\",\"position\":3,\"name\":\"LA MARCHE DE L' INCERTITUDE\"}]},{\"@type\":\"WebSite\",\"@id\":\"https:\\\/\\\/traitdunion.gr\\\/fr\\\/#website\",\"url\":\"https:\\\/\\\/traitdunion.gr\\\/fr\\\/\",\"name\":\"Trait D&#039; Union\",\"description\":\"Publications de livres en fran\u00e7ais\",\"publisher\":{\"@id\":\"https:\\\/\\\/traitdunion.gr\\\/fr\\\/#organization\"},\"potentialAction\":[{\"@type\":\"SearchAction\",\"target\":{\"@type\":\"EntryPoint\",\"urlTemplate\":\"https:\\\/\\\/traitdunion.gr\\\/fr\\\/?s={search_term_string}\"},\"query-input\":{\"@type\":\"PropertyValueSpecification\",\"valueRequired\":true,\"valueName\":\"search_term_string\"}}],\"inLanguage\":\"fr-FR\"},{\"@type\":\"Organization\",\"@id\":\"https:\\\/\\\/traitdunion.gr\\\/fr\\\/#organization\",\"name\":\"Trait D' Union\",\"url\":\"https:\\\/\\\/traitdunion.gr\\\/fr\\\/\",\"logo\":{\"@type\":\"ImageObject\",\"inLanguage\":\"fr-FR\",\"@id\":\"https:\\\/\\\/traitdunion.gr\\\/fr\\\/#\\\/schema\\\/logo\\\/image\\\/\",\"url\":\"https:\\\/\\\/traitdunion.gr\\\/wp-content\\\/uploads\\\/2021\\\/06\\\/logo.svg\",\"contentUrl\":\"https:\\\/\\\/traitdunion.gr\\\/wp-content\\\/uploads\\\/2021\\\/06\\\/logo.svg\",\"width\":1,\"height\":1,\"caption\":\"Trait D' Union\"},\"image\":{\"@id\":\"https:\\\/\\\/traitdunion.gr\\\/fr\\\/#\\\/schema\\\/logo\\\/image\\\/\"},\"sameAs\":[\"https:\\\/\\\/www.facebook.com\\\/editionstraitdunion\",\"https:\\\/\\\/www.youtube.com\\\/channel\\\/UChVwITx_xZxsT2Rl9BGEI2Q\"]}]}<\/script>\n<!-- \/ Yoast SEO plugin. -->","yoast_head_json":{"title":"LA MARCHE DE L' INCERTITUDE &#8211; Trait D&#039; Union","robots":{"index":"index","follow":"follow","max-snippet":"max-snippet:-1","max-image-preview":"max-image-preview:large","max-video-preview":"max-video-preview:-1"},"canonical":"https:\/\/traitdunion.gr\/fr\/product\/la-marche-de-l-incertitude\/","og_locale":"fr_FR","og_type":"article","og_title":"LA MARCHE DE L' INCERTITUDE &#8211; Trait D&#039; Union","og_description":"Un colonel \u00e0 la retraite qui trouve un b\u00e9b\u00e9 devant sa porte\u2026 Une jeune fille amoureuse forc\u00e9e \u00e0 l\u2019exil \u00e0 cause d\u2019un \u0153uf \u00ab magique \u00bb\u2026 Un adolescent qui se passionne pour les sciences et la litt\u00e9rature\u2026 Un \u00ab chat \u00bb qui vole des tapis\u2026 Mais quel est le lien&hellip;","og_url":"https:\/\/traitdunion.gr\/fr\/product\/la-marche-de-l-incertitude\/","og_site_name":"Trait D&#039; Union","article_publisher":"https:\/\/www.facebook.com\/editionstraitdunion","article_modified_time":"2026-03-05T11:36:42+00:00","og_image":[{"width":1042,"height":1584,"url":"https:\/\/traitdunion.gr\/wp-content\/uploads\/2026\/03\/9782278076635.jpeg","type":"image\/jpeg"}],"twitter_card":"summary_large_image","twitter_misc":{"Dur\u00e9e de lecture estim\u00e9e":"1 minute"},"schema":{"@context":"https:\/\/schema.org","@graph":[{"@type":"WebPage","@id":"https:\/\/traitdunion.gr\/fr\/product\/la-marche-de-l-incertitude\/","url":"https:\/\/traitdunion.gr\/fr\/product\/la-marche-de-l-incertitude\/","name":"LA MARCHE DE L' INCERTITUDE &#8211; Trait D&#039; Union","isPartOf":{"@id":"https:\/\/traitdunion.gr\/fr\/#website"},"primaryImageOfPage":{"@id":"https:\/\/traitdunion.gr\/fr\/product\/la-marche-de-l-incertitude\/#primaryimage"},"image":{"@id":"https:\/\/traitdunion.gr\/fr\/product\/la-marche-de-l-incertitude\/#primaryimage"},"thumbnailUrl":"https:\/\/traitdunion.gr\/wp-content\/uploads\/2026\/03\/9782278076635.jpeg","datePublished":"2026-03-05T10:59:40+00:00","dateModified":"2026-03-05T11:36:42+00:00","breadcrumb":{"@id":"https:\/\/traitdunion.gr\/fr\/product\/la-marche-de-l-incertitude\/#breadcrumb"},"inLanguage":"fr-FR","potentialAction":[{"@type":"ReadAction","target":["https:\/\/traitdunion.gr\/fr\/product\/la-marche-de-l-incertitude\/"]}]},{"@type":"ImageObject","inLanguage":"fr-FR","@id":"https:\/\/traitdunion.gr\/fr\/product\/la-marche-de-l-incertitude\/#primaryimage","url":"https:\/\/traitdunion.gr\/wp-content\/uploads\/2026\/03\/9782278076635.jpeg","contentUrl":"https:\/\/traitdunion.gr\/wp-content\/uploads\/2026\/03\/9782278076635.jpeg","width":1042,"height":1584},{"@type":"BreadcrumbList","@id":"https:\/\/traitdunion.gr\/fr\/product\/la-marche-de-l-incertitude\/#breadcrumb","itemListElement":[{"@type":"ListItem","position":1,"name":"TRAIT D' UNION","item":"https:\/\/traitdunion.gr\/fr\/"},{"@type":"ListItem","position":2,"name":"Eshop","item":"https:\/\/traitdunion.gr\/eshop\/"},{"@type":"ListItem","position":3,"name":"LA MARCHE DE L' INCERTITUDE"}]},{"@type":"WebSite","@id":"https:\/\/traitdunion.gr\/fr\/#website","url":"https:\/\/traitdunion.gr\/fr\/","name":"Trait D&#039; Union","description":"Publications de livres en fran\u00e7ais","publisher":{"@id":"https:\/\/traitdunion.gr\/fr\/#organization"},"potentialAction":[{"@type":"SearchAction","target":{"@type":"EntryPoint","urlTemplate":"https:\/\/traitdunion.gr\/fr\/?s={search_term_string}"},"query-input":{"@type":"PropertyValueSpecification","valueRequired":true,"valueName":"search_term_string"}}],"inLanguage":"fr-FR"},{"@type":"Organization","@id":"https:\/\/traitdunion.gr\/fr\/#organization","name":"Trait D' Union","url":"https:\/\/traitdunion.gr\/fr\/","logo":{"@type":"ImageObject","inLanguage":"fr-FR","@id":"https:\/\/traitdunion.gr\/fr\/#\/schema\/logo\/image\/","url":"https:\/\/traitdunion.gr\/wp-content\/uploads\/2021\/06\/logo.svg","contentUrl":"https:\/\/traitdunion.gr\/wp-content\/uploads\/2021\/06\/logo.svg","width":1,"height":1,"caption":"Trait D' Union"},"image":{"@id":"https:\/\/traitdunion.gr\/fr\/#\/schema\/logo\/image\/"},"sameAs":["https:\/\/www.facebook.com\/editionstraitdunion","https:\/\/www.youtube.com\/channel\/UChVwITx_xZxsT2Rl9BGEI2Q"]}]}},"_links":{"self":[{"href":"https:\/\/traitdunion.gr\/fr\/wp-json\/wp\/v2\/product\/10450","targetHints":{"allow":["GET"]}}],"collection":[{"href":"https:\/\/traitdunion.gr\/fr\/wp-json\/wp\/v2\/product"}],"about":[{"href":"https:\/\/traitdunion.gr\/fr\/wp-json\/wp\/v2\/types\/product"}],"wp:featuredmedia":[{"embeddable":true,"href":"https:\/\/traitdunion.gr\/fr\/wp-json\/wp\/v2\/media\/10392"}],"wp:attachment":[{"href":"https:\/\/traitdunion.gr\/fr\/wp-json\/wp\/v2\/media?parent=10450"}],"wp:term":[{"taxonomy":"product_brand","embeddable":true,"href":"https:\/\/traitdunion.gr\/fr\/wp-json\/wp\/v2\/product_brand?post=10450"},{"taxonomy":"product_cat","embeddable":true,"href":"https:\/\/traitdunion.gr\/fr\/wp-json\/wp\/v2\/product_cat?post=10450"},{"taxonomy":"product_tag","embeddable":true,"href":"https:\/\/traitdunion.gr\/fr\/wp-json\/wp\/v2\/product_tag?post=10450"}],"curies":[{"name":"wp","href":"https:\/\/api.w.org\/{rel}","templated":true}]}}