{"id":10438,"date":"2026-03-05T12:59:40","date_gmt":"2026-03-05T10:59:40","guid":{"rendered":"https:\/\/traitdunion.gr\/product\/carton-rouge-ou-mort-subite"},"modified":"2026-03-05T13:38:16","modified_gmt":"2026-03-05T11:38:16","slug":"carton-rouge-ou-mort-subite","status":"publish","type":"product","link":"https:\/\/traitdunion.gr\/fr\/product\/carton-rouge-ou-mort-subite\/","title":{"rendered":"CARTON ROUGE OU MORT SUBITE"},"content":{"rendered":"<p>J\u00e9r\u00f4me, le fils du banquier Forestier, est au commissariat de police avec, dans son sac de sport, un million d\u2019euros. Au m\u00eame moment, Charlotte, une fille de son \u00e2ge, pense \u00e0 lui : tout va-t-il se passer comme pr\u00e9vu ? Pendant ce temps, un homme attend dans un h\u00f4tel : il sait qu\u2019\u00e0 18 heures, tout sera fini. Quel r\u00f4le J\u00e9r\u00f4me roue-t-il dans cette histoire ? Va-t-il s\u2019en sortir ?<\/p>\n","protected":false},"excerpt":{"rendered":"<p>J\u00e9r\u00f4me, le fils du banquier Forestier, est au commissariat de police avec, dans son sac de sport, un million d\u2019euros. Au m\u00eame moment, Charlotte, une fille de son \u00e2ge, pense \u00e0 lui : tout va-t-il se passer comme pr\u00e9vu ? Pendant ce temps, un homme attend dans un h\u00f4tel :&hellip;<\/p>\n","protected":false},"featured_media":10372,"template":"","meta":{"_acf_changed":false},"product_brand":[],"product_cat":[282,279],"product_tag":[],"class_list":{"0":"post-10438","1":"product","2":"type-product","3":"status-publish","4":"has-post-thumbnail","6":"product_cat-niveau-a2","7":"product_cat-anagnosmata","9":"first","10":"instock","11":"sale","12":"purchasable","13":"product-type-simple"},"acf":[],"yoast_head":"<!-- This site is optimized with the Yoast SEO plugin v27.4 - https:\/\/yoast.com\/product\/yoast-seo-wordpress\/ -->\n<title>CARTON ROUGE OU MORT SUBITE &#8211; Trait D&#039; Union<\/title>\n<meta name=\"robots\" content=\"index, follow, max-snippet:-1, max-image-preview:large, max-video-preview:-1\" \/>\n<link rel=\"canonical\" href=\"https:\/\/traitdunion.gr\/fr\/product\/carton-rouge-ou-mort-subite\/\" \/>\n<meta property=\"og:locale\" content=\"fr_FR\" \/>\n<meta property=\"og:type\" content=\"article\" \/>\n<meta property=\"og:title\" content=\"CARTON ROUGE OU MORT SUBITE &#8211; Trait D&#039; Union\" \/>\n<meta property=\"og:description\" content=\"J\u00e9r\u00f4me, le fils du banquier Forestier, est au commissariat de police avec, dans son sac de sport, un million d\u2019euros. Au m\u00eame moment, Charlotte, une fille de son \u00e2ge, pense \u00e0 lui : tout va-t-il se passer comme pr\u00e9vu ? Pendant ce temps, un homme attend dans un h\u00f4tel :&hellip;\" \/>\n<meta property=\"og:url\" content=\"https:\/\/traitdunion.gr\/fr\/product\/carton-rouge-ou-mort-subite\/\" \/>\n<meta property=\"og:site_name\" content=\"Trait D&#039; Union\" \/>\n<meta property=\"article:publisher\" content=\"https:\/\/www.facebook.com\/editionstraitdunion\" \/>\n<meta property=\"article:modified_time\" content=\"2026-03-05T11:38:16+00:00\" \/>\n<meta property=\"og:image\" content=\"https:\/\/traitdunion.gr\/wp-content\/uploads\/2026\/03\/4748190.jpeg\" \/>\n\t<meta property=\"og:image:width\" content=\"591\" \/>\n\t<meta property=\"og:image:height\" content=\"824\" \/>\n\t<meta property=\"og:image:type\" content=\"image\/jpeg\" \/>\n<meta name=\"twitter:card\" content=\"summary_large_image\" \/>\n<script type=\"application\/ld+json\" class=\"yoast-schema-graph\">{\"@context\":\"https:\\\/\\\/schema.org\",\"@graph\":[{\"@type\":\"WebPage\",\"@id\":\"https:\\\/\\\/traitdunion.gr\\\/fr\\\/product\\\/carton-rouge-ou-mort-subite\\\/\",\"url\":\"https:\\\/\\\/traitdunion.gr\\\/fr\\\/product\\\/carton-rouge-ou-mort-subite\\\/\",\"name\":\"CARTON ROUGE OU MORT SUBITE &#8211; Trait D&#039; Union\",\"isPartOf\":{\"@id\":\"https:\\\/\\\/traitdunion.gr\\\/fr\\\/#website\"},\"primaryImageOfPage\":{\"@id\":\"https:\\\/\\\/traitdunion.gr\\\/fr\\\/product\\\/carton-rouge-ou-mort-subite\\\/#primaryimage\"},\"image\":{\"@id\":\"https:\\\/\\\/traitdunion.gr\\\/fr\\\/product\\\/carton-rouge-ou-mort-subite\\\/#primaryimage\"},\"thumbnailUrl\":\"https:\\\/\\\/traitdunion.gr\\\/wp-content\\\/uploads\\\/2026\\\/03\\\/4748190.jpeg\",\"datePublished\":\"2026-03-05T10:59:40+00:00\",\"dateModified\":\"2026-03-05T11:38:16+00:00\",\"breadcrumb\":{\"@id\":\"https:\\\/\\\/traitdunion.gr\\\/fr\\\/product\\\/carton-rouge-ou-mort-subite\\\/#breadcrumb\"},\"inLanguage\":\"fr-FR\",\"potentialAction\":[{\"@type\":\"ReadAction\",\"target\":[\"https:\\\/\\\/traitdunion.gr\\\/fr\\\/product\\\/carton-rouge-ou-mort-subite\\\/\"]}]},{\"@type\":\"ImageObject\",\"inLanguage\":\"fr-FR\",\"@id\":\"https:\\\/\\\/traitdunion.gr\\\/fr\\\/product\\\/carton-rouge-ou-mort-subite\\\/#primaryimage\",\"url\":\"https:\\\/\\\/traitdunion.gr\\\/wp-content\\\/uploads\\\/2026\\\/03\\\/4748190.jpeg\",\"contentUrl\":\"https:\\\/\\\/traitdunion.gr\\\/wp-content\\\/uploads\\\/2026\\\/03\\\/4748190.jpeg\",\"width\":591,\"height\":824},{\"@type\":\"BreadcrumbList\",\"@id\":\"https:\\\/\\\/traitdunion.gr\\\/fr\\\/product\\\/carton-rouge-ou-mort-subite\\\/#breadcrumb\",\"itemListElement\":[{\"@type\":\"ListItem\",\"position\":1,\"name\":\"TRAIT D' UNION\",\"item\":\"https:\\\/\\\/traitdunion.gr\\\/fr\\\/\"},{\"@type\":\"ListItem\",\"position\":2,\"name\":\"Eshop\",\"item\":\"https:\\\/\\\/traitdunion.gr\\\/eshop\\\/\"},{\"@type\":\"ListItem\",\"position\":3,\"name\":\"CARTON ROUGE OU MORT SUBITE\"}]},{\"@type\":\"WebSite\",\"@id\":\"https:\\\/\\\/traitdunion.gr\\\/fr\\\/#website\",\"url\":\"https:\\\/\\\/traitdunion.gr\\\/fr\\\/\",\"name\":\"Trait D&#039; Union\",\"description\":\"Publications de livres en fran\u00e7ais\",\"publisher\":{\"@id\":\"https:\\\/\\\/traitdunion.gr\\\/fr\\\/#organization\"},\"potentialAction\":[{\"@type\":\"SearchAction\",\"target\":{\"@type\":\"EntryPoint\",\"urlTemplate\":\"https:\\\/\\\/traitdunion.gr\\\/fr\\\/?s={search_term_string}\"},\"query-input\":{\"@type\":\"PropertyValueSpecification\",\"valueRequired\":true,\"valueName\":\"search_term_string\"}}],\"inLanguage\":\"fr-FR\"},{\"@type\":\"Organization\",\"@id\":\"https:\\\/\\\/traitdunion.gr\\\/fr\\\/#organization\",\"name\":\"Trait D' Union\",\"url\":\"https:\\\/\\\/traitdunion.gr\\\/fr\\\/\",\"logo\":{\"@type\":\"ImageObject\",\"inLanguage\":\"fr-FR\",\"@id\":\"https:\\\/\\\/traitdunion.gr\\\/fr\\\/#\\\/schema\\\/logo\\\/image\\\/\",\"url\":\"https:\\\/\\\/traitdunion.gr\\\/wp-content\\\/uploads\\\/2021\\\/06\\\/logo.svg\",\"contentUrl\":\"https:\\\/\\\/traitdunion.gr\\\/wp-content\\\/uploads\\\/2021\\\/06\\\/logo.svg\",\"width\":1,\"height\":1,\"caption\":\"Trait D' Union\"},\"image\":{\"@id\":\"https:\\\/\\\/traitdunion.gr\\\/fr\\\/#\\\/schema\\\/logo\\\/image\\\/\"},\"sameAs\":[\"https:\\\/\\\/www.facebook.com\\\/editionstraitdunion\",\"https:\\\/\\\/www.youtube.com\\\/channel\\\/UChVwITx_xZxsT2Rl9BGEI2Q\"]}]}<\/script>\n<!-- \/ Yoast SEO plugin. -->","yoast_head_json":{"title":"CARTON ROUGE OU MORT SUBITE &#8211; Trait D&#039; Union","robots":{"index":"index","follow":"follow","max-snippet":"max-snippet:-1","max-image-preview":"max-image-preview:large","max-video-preview":"max-video-preview:-1"},"canonical":"https:\/\/traitdunion.gr\/fr\/product\/carton-rouge-ou-mort-subite\/","og_locale":"fr_FR","og_type":"article","og_title":"CARTON ROUGE OU MORT SUBITE &#8211; Trait D&#039; Union","og_description":"J\u00e9r\u00f4me, le fils du banquier Forestier, est au commissariat de police avec, dans son sac de sport, un million d\u2019euros. Au m\u00eame moment, Charlotte, une fille de son \u00e2ge, pense \u00e0 lui : tout va-t-il se passer comme pr\u00e9vu ? Pendant ce temps, un homme attend dans un h\u00f4tel :&hellip;","og_url":"https:\/\/traitdunion.gr\/fr\/product\/carton-rouge-ou-mort-subite\/","og_site_name":"Trait D&#039; Union","article_publisher":"https:\/\/www.facebook.com\/editionstraitdunion","article_modified_time":"2026-03-05T11:38:16+00:00","og_image":[{"width":591,"height":824,"url":"https:\/\/traitdunion.gr\/wp-content\/uploads\/2026\/03\/4748190.jpeg","type":"image\/jpeg"}],"twitter_card":"summary_large_image","schema":{"@context":"https:\/\/schema.org","@graph":[{"@type":"WebPage","@id":"https:\/\/traitdunion.gr\/fr\/product\/carton-rouge-ou-mort-subite\/","url":"https:\/\/traitdunion.gr\/fr\/product\/carton-rouge-ou-mort-subite\/","name":"CARTON ROUGE OU MORT SUBITE &#8211; Trait D&#039; Union","isPartOf":{"@id":"https:\/\/traitdunion.gr\/fr\/#website"},"primaryImageOfPage":{"@id":"https:\/\/traitdunion.gr\/fr\/product\/carton-rouge-ou-mort-subite\/#primaryimage"},"image":{"@id":"https:\/\/traitdunion.gr\/fr\/product\/carton-rouge-ou-mort-subite\/#primaryimage"},"thumbnailUrl":"https:\/\/traitdunion.gr\/wp-content\/uploads\/2026\/03\/4748190.jpeg","datePublished":"2026-03-05T10:59:40+00:00","dateModified":"2026-03-05T11:38:16+00:00","breadcrumb":{"@id":"https:\/\/traitdunion.gr\/fr\/product\/carton-rouge-ou-mort-subite\/#breadcrumb"},"inLanguage":"fr-FR","potentialAction":[{"@type":"ReadAction","target":["https:\/\/traitdunion.gr\/fr\/product\/carton-rouge-ou-mort-subite\/"]}]},{"@type":"ImageObject","inLanguage":"fr-FR","@id":"https:\/\/traitdunion.gr\/fr\/product\/carton-rouge-ou-mort-subite\/#primaryimage","url":"https:\/\/traitdunion.gr\/wp-content\/uploads\/2026\/03\/4748190.jpeg","contentUrl":"https:\/\/traitdunion.gr\/wp-content\/uploads\/2026\/03\/4748190.jpeg","width":591,"height":824},{"@type":"BreadcrumbList","@id":"https:\/\/traitdunion.gr\/fr\/product\/carton-rouge-ou-mort-subite\/#breadcrumb","itemListElement":[{"@type":"ListItem","position":1,"name":"TRAIT D' UNION","item":"https:\/\/traitdunion.gr\/fr\/"},{"@type":"ListItem","position":2,"name":"Eshop","item":"https:\/\/traitdunion.gr\/eshop\/"},{"@type":"ListItem","position":3,"name":"CARTON ROUGE OU MORT SUBITE"}]},{"@type":"WebSite","@id":"https:\/\/traitdunion.gr\/fr\/#website","url":"https:\/\/traitdunion.gr\/fr\/","name":"Trait D&#039; Union","description":"Publications de livres en fran\u00e7ais","publisher":{"@id":"https:\/\/traitdunion.gr\/fr\/#organization"},"potentialAction":[{"@type":"SearchAction","target":{"@type":"EntryPoint","urlTemplate":"https:\/\/traitdunion.gr\/fr\/?s={search_term_string}"},"query-input":{"@type":"PropertyValueSpecification","valueRequired":true,"valueName":"search_term_string"}}],"inLanguage":"fr-FR"},{"@type":"Organization","@id":"https:\/\/traitdunion.gr\/fr\/#organization","name":"Trait D' Union","url":"https:\/\/traitdunion.gr\/fr\/","logo":{"@type":"ImageObject","inLanguage":"fr-FR","@id":"https:\/\/traitdunion.gr\/fr\/#\/schema\/logo\/image\/","url":"https:\/\/traitdunion.gr\/wp-content\/uploads\/2021\/06\/logo.svg","contentUrl":"https:\/\/traitdunion.gr\/wp-content\/uploads\/2021\/06\/logo.svg","width":1,"height":1,"caption":"Trait D' Union"},"image":{"@id":"https:\/\/traitdunion.gr\/fr\/#\/schema\/logo\/image\/"},"sameAs":["https:\/\/www.facebook.com\/editionstraitdunion","https:\/\/www.youtube.com\/channel\/UChVwITx_xZxsT2Rl9BGEI2Q"]}]}},"_links":{"self":[{"href":"https:\/\/traitdunion.gr\/fr\/wp-json\/wp\/v2\/product\/10438","targetHints":{"allow":["GET"]}}],"collection":[{"href":"https:\/\/traitdunion.gr\/fr\/wp-json\/wp\/v2\/product"}],"about":[{"href":"https:\/\/traitdunion.gr\/fr\/wp-json\/wp\/v2\/types\/product"}],"wp:featuredmedia":[{"embeddable":true,"href":"https:\/\/traitdunion.gr\/fr\/wp-json\/wp\/v2\/media\/10372"}],"wp:attachment":[{"href":"https:\/\/traitdunion.gr\/fr\/wp-json\/wp\/v2\/media?parent=10438"}],"wp:term":[{"taxonomy":"product_brand","embeddable":true,"href":"https:\/\/traitdunion.gr\/fr\/wp-json\/wp\/v2\/product_brand?post=10438"},{"taxonomy":"product_cat","embeddable":true,"href":"https:\/\/traitdunion.gr\/fr\/wp-json\/wp\/v2\/product_cat?post=10438"},{"taxonomy":"product_tag","embeddable":true,"href":"https:\/\/traitdunion.gr\/fr\/wp-json\/wp\/v2\/product_tag?post=10438"}],"curies":[{"name":"wp","href":"https:\/\/api.w.org\/{rel}","templated":true}]}}