{"id":9941,"date":"2025-11-29T15:37:48","date_gmt":"2025-11-29T13:37:48","guid":{"rendered":"https:\/\/traitdunion.gr\/%cf%83%cf%85%cf%87%ce%bd%ce%ad%cf%82-%ce%b5%cf%81%cf%89%cf%84%ce%ae%cf%83%ce%b5%ce%b9%cf%82\/"},"modified":"2025-11-29T15:38:38","modified_gmt":"2025-11-29T13:38:38","slug":"%cf%83%cf%85%cf%87%ce%bd%ce%ad%cf%82-%ce%b5%cf%81%cf%89%cf%84%ce%ae%cf%83%ce%b5%ce%b9%cf%82","status":"publish","type":"page","link":"https:\/\/traitdunion.gr\/fr\/%cf%83%cf%85%cf%87%ce%bd%ce%ad%cf%82-%ce%b5%cf%81%cf%89%cf%84%ce%ae%cf%83%ce%b5%ce%b9%cf%82\/","title":{"rendered":"Foire aux questions"},"content":{"rendered":"<h6 style=\"padding-left: 40px;\"><strong>Comment cr\u00e9er un compte sur le site\u00a0?<\/strong><\/h6>\n<p>&nbsp;<\/p>\n<p style=\"padding-left: 40px;\"><a href=\"https:\/\/www.youtube.com\/watch?v=YzXk05O3gxo\"><span class=\"bigger\">https:\/\/www.youtube.com\/watch?v=YzXk05O3gxo<\/span><\/a><\/p>\n<p>&nbsp;<\/p>\n<h6 style=\"padding-left: 40px;\"><strong>O\u00f9 puis-je trouver le mat\u00e9riel pour les enseignants ?<\/strong><\/h6>\n<p>&nbsp;<\/p>\n<p style=\"padding-left: 40px;\"><strong><span class=\"bigger\">Lexique - audios<\/span><\/strong><\/p>\n<p style=\"padding-left: 40px;\"><span class=\"bigger\"><a href=\"https:\/\/traitdunion.gr\/teachers_material_category\/%ce%bb%ce%b5%ce%be%ce%b9%ce%ba%ce%ac-%ce%b1%ce%ba%ce%bf%cf%85%cf%83%cf%84%ce%b9%ce%ba%ce%ac-%ce%b2%ce%b9%ce%b2%ce%bb%ce%af%cf%89%ce%bd\/\">https:\/\/traitdunion.gr\/teachers_material_category\/%ce%bb%ce%b5%ce%be%ce%b9%ce%ba%ce%ac-%ce%b1%ce%ba%ce%bf%cf%85%cf%83%cf%84%ce%b9%ce%ba%ce%ac-%ce%b2%ce%b9%ce%b2%ce%bb%ce%af%cf%89%ce%bd\/<\/a><\/span><\/p>\n<p>&nbsp;<\/p>\n<p style=\"padding-left: 40px;\"><span class=\"bigger\"><a href=\"https:\/\/www.youtube.com\/watch?v=6viicWXchQo\">https:\/\/www.youtube.com\/watch?v=6viicWXchQo<\/a><\/span><\/p>\n<p>&nbsp;<\/p>\n<p style=\"padding-left: 40px;\"><strong><span class=\"bigger\">Mat\u00e9riel suppl\u00e9mentaire<\/span><\/strong><\/p>\n<p style=\"padding-left: 40px;\"><span class=\"bigger\"><a href=\"https:\/\/traitdunion.gr\/teachers_material_category\/%cf%80%cf%81%cf%8c%cf%83%ce%b8%ce%b5%cf%84%ce%bf-%cf%85%ce%bb%ce%b9%ce%ba%cf%8c\/\">https:\/\/traitdunion.gr\/teachers_material_category\/%cf%80%cf%81%cf%8c%cf%83%ce%b8%ce%b5%cf%84%ce%bf-%cf%85%ce%bb%ce%b9%ce%ba%cf%8c\/<\/a><\/span><\/p>\n<p style=\"padding-left: 40px;\">\u00a0<\/p>\n<h6 style=\"padding-left: 40px;\"><strong>Comment acc\u00e9der \u00e0 la version num\u00e9rique des manuels\u00a0?<\/strong><\/h6>\n<p>&nbsp;<\/p>\n<p style=\"padding-left: 40px;\"><a href=\"http:\/\/www.eshoptraitdunion.gr\/el\/products\/%CE%97%CE%BB%CE%B5%CE%BA%CF%84%CF%81%CE%BF%CE%BD%CE%B9%CE%BA%CE%BF%CE%AF_%CE%9A%CF%89%CE%B4%CE%B9%CE%BA%CE%BF%CE%AF_-_%CE%A3%CF%85%CE%BC%CF%80%CE%BB%CE%B7%CF%81%CF%89%CE%BC%CE%B1%CF%84%CE%B9%CE%BA%CF%8C_%CE%A5%CE%BB%CE%B9%CE%BA%CF%8C\/%CE%A8%CE%B7%CF%86%CE%B9%CE%B1%CE%BA%CF%8C_%CE%A5%CE%BB%CE%B9%CE%BA%CF%8C\/\">http:\/\/www.eshoptraitdunion.gr\/el\/products\/%CE%97%CE%BB%CE%B5%CE%BA%CF%84%CF%81%CE%BF%CE%BD%CE%B9%CE%BA%CE%BF%CE%AF_%CE%9A%CF%89%CE%B4%CE%B9%CE%BA%CE%BF%CE%AF_-_%CE%A3%CF%85%CE%BC%CF%80%CE%BB%CE%B7%CF%81%CF%89%CE%BC%CE%B1%CF%84%CE%B9%CE%BA%CF%8C_%CE%A5%CE%BB%CE%B9%CE%BA%CF%8C\/%CE%A8%CE%B7%CF%86%CE%B9%CE%B1%CE%BA%CF%8C_%CE%A5%CE%BB%CE%B9%CE%BA%CF%8C\/<\/a><\/p>\n<p>&nbsp;<\/p>\n<p style=\"padding-left: 40px;\"><span class=\"bigger\"><a href=\"https:\/\/www.youtube.com\/watch?v=IK2QzfKBU00\">https:\/\/www.youtube.com\/watch?v=IK2QzfKBU00<\/a><\/span><\/p>\n<p style=\"padding-left: 40px;\">\u00a0<\/p>\n<p style=\"padding-left: 40px;\"><span class=\"bigger\"><strong><em>a. Comment acc\u00e9der au manuel num\u00e9rique en ligne ?<\/em><\/strong><\/span><\/p>\n<p>&nbsp;<\/p>\n<p style=\"padding-left: 40px;\"><span class=\"bigger\"><a href=\"http:\/\/www.eshoptraitdunion.gr\/el\/professeur\/\">http:\/\/www.eshoptraitdunion.gr\/el\/professeur\/<\/a><\/span><\/p>\n<p>&nbsp;<\/p>\n<p style=\"padding-left: 40px;\"><span class=\"bigger\"><strong><em>b. Comment installer la plateforme et acc\u00e9der au manuel num\u00e9rique hors ligne ?<\/em><\/strong><\/span><\/p>\n<p>&nbsp;<\/p>\n<p style=\"padding-left: 40px;\"><a href=\"https:\/\/traitdunion.gr\/ebook-%ce%b3%ce%b9%ce%b1-%ce%ba%ce%b1%ce%b8%ce%b7%ce%b3%ce%b7%cf%84%ce%ad%cf%82-%ce%b5%ce%b3%ce%ba%ce%b1%cf%84%ce%ac%cf%83%cf%84%ce%b1%cf%83%ce%b7-%ce%b5%ce%bd%ce%b5%cf%81%ce%b3%ce%bf%cf%80%ce%bf%ce%af%ce%b7-2\/\">https:\/\/traitdunion.gr\/ebook-%ce%b3%ce%b9%ce%b1-%ce%ba%ce%b1%ce%b8%ce%b7%ce%b3%ce%b7%cf%84%ce%ad%cf%82-%ce%b5%ce%b3%ce%ba%ce%b1%cf%84%ce%ac%cf%83%cf%84%ce%b1%cf%83%ce%b7-%ce%b5%ce%bd%ce%b5%cf%81%ce%b3%ce%bf%cf%80%ce%bf%ce%af%ce%b7-2\/<\/a><\/p>\n<p>&nbsp;<\/p>\n<h6 style=\"padding-left: 40px;\"><strong>Comment acheter un abonnement \u00e0 la biblioth\u00e8que num\u00e9rique ?<\/strong><\/h6>\n<p>&nbsp;<\/p>\n<p style=\"padding-left: 40px;\">\u00a0\u00a0\u00a0\u00a0 <span class=\"bigger\"><a href=\"https:\/\/www.youtube.com\/watch?v=ChBiOcqCJB4\">https:\/\/www.youtube.com\/watch?v=ChBiOcqCJB4<\/a><\/span><\/p>\n<p>&nbsp;<\/p>\n<h6 style=\"padding-left: 40px;\"><strong>O\u00f9 puis-je trouver des recommandations de livres adapt\u00e9s aux besoins de mes \u00e9l\u00e8ves ?<\/strong><\/h6>\n<p>&nbsp;<\/p>\n<p style=\"padding-left: 40px;\"><span class=\"bigger\">Contactez les d\u00e9l\u00e9gu\u00e9s p\u00e9dagogiques de Trait d'Union au 210 3635268.<\/span><\/p>\n<p style=\"padding-left: 40px;\"><span class=\"bigger\"><a href=\"http:\/\/traitdunionrmstorage01.blob.core.windows.net\/depliants\/bibliografia%202024-2025\/bibliografia%202024-2025.html\">http:\/\/traitdunionrmstorage01.blob.core.windows.net\/depliants\/bibliografia%202024-2025\/bibliografia%202024-2025.html<\/a><\/span><\/p>\n<p style=\"padding-left: 40px;\"><em>\u00a0<\/em><\/p>\n<h6 style=\"padding-left: 40px;\"><strong>Comment puis-je commander les livres de Trait d\u2019union ?<\/strong><\/h6>\n<p>&nbsp;<\/p>\n<p style=\"padding-left: 40px;\"><span class=\"bigger\"><strong>Par t\u00e9l\u00e9phone<\/strong> : 210 3635268<\/span><\/p>\n<p style=\"padding-left: 40px;\"><span class=\"bigger\"><strong>Par email<\/strong>\u00a0: <a href=\"mailto:info@traitdunion.gr\">info@traitdunion.gr<\/a><\/span><\/p>\n<p style=\"padding-left: 40px;\"><strong><span class=\"bigger\">Via notre e-shop<\/span><\/strong><\/p>\n<p style=\"padding-left: 40px;\"><span class=\"bigger\">* Les enseignants ne b\u00e9n\u00e9ficient pas de r\u00e9duction sur l'e-shop.<\/span><\/p>\n<p>&nbsp;<\/p>\n<h6 style=\"padding-left: 40px;\"><strong>Quel est le d\u00e9lai de livraison estim\u00e9 pour ma commande ?<\/strong><\/h6>\n<p>&nbsp;<\/p>\n<p style=\"padding-left: 40px;\"><span class=\"bigger\">1-2 jours ouvrables<\/span><\/p>\n<p>&nbsp;<\/p>\n<h6 style=\"padding-left: 40px;\"><strong>Que faire en cas de probl\u00e8me avec la livraison de ma commande ?<\/strong><\/h6>\n<p>&nbsp;<\/p>\n<p style=\"padding-left: 40px;\"><span class=\"bigger\">- Vous recevrez un message contenant le num\u00e9ro d'exp\u00e9dition pour suivre votre commande.<\/span><\/p>\n<p style=\"padding-left: 40px;\"><span class=\"bigger\">- En cas de besoin, notre service d'assistance est disponible au 210 3635268.<\/span><\/p>\n<p>&nbsp;<\/p>\n<h6 style=\"padding-left: 40px;\"><strong>Proposez-vous des s\u00e9minaires ou des formations sur vos publications ? Comment puis-je rester inform\u00e9 de vos nouveaut\u00e9s ?<\/strong><\/h6>\n<p style=\"padding-left: 40px;\">\u00a0<\/p>\n<p style=\"padding-left: 40px;\"><span class=\"bigger\"><a href=\"https:\/\/traitdunion.gr\/our-news\/\">https:\/\/traitdunion.gr\/our-news\/<\/a><\/span><\/p>\n<p style=\"padding-left: 40px;\"><span class=\"bigger\"><a href=\"https:\/\/www.facebook.com\/editionstraitdunion\">https:\/\/www.facebook.com\/editionstraitdunion<\/a><\/span><\/p>\n<p style=\"padding-left: 40px;\"><span class=\"bigger\"><a href=\"https:\/\/www.instagram.com\/editionstraitdunion\/\">https:\/\/www.instagram.com\/editionstraitdunion\/<\/a><\/span><\/p>\n<p style=\"padding-left: 40px;\"><span class=\"bigger\"><a href=\"https:\/\/www.youtube.com\/channel\/UChVwITx_xZxsT2Rl9BGEI2Q\">https:\/\/www.youtube.com\/channel\/UChVwITx_xZxsT2Rl9BGEI2Q<\/a><\/span><\/p>\n","protected":false},"excerpt":{"rendered":"<p>Comment cr\u00e9er un compte sur le site\u00a0? &nbsp; https:\/\/www.youtube.com\/watch?v=YzXk05O3gxo &nbsp; O\u00f9 puis-je trouver le mat\u00e9riel pour les enseignants ? &nbsp; Lexique - audios https:\/\/traitdunion.gr\/teachers_material_category\/%ce%bb%ce%b5%ce%be%ce%b9%ce%ba%ce%ac-%ce%b1%ce%ba%ce%bf%cf%85%cf%83%cf%84%ce%b9%ce%ba%ce%ac-%ce%b2%ce%b9%ce%b2%ce%bb%ce%af%cf%89%ce%bd\/ &nbsp; https:\/\/www.youtube.com\/watch?v=6viicWXchQo &nbsp; Mat\u00e9riel suppl\u00e9mentaire https:\/\/traitdunion.gr\/teachers_material_category\/%cf%80%cf%81%cf%8c%cf%83%ce%b8%ce%b5%cf%84%ce%bf-%cf%85%ce%bb%ce%b9%ce%ba%cf%8c\/ \u00a0 Comment acc\u00e9der \u00e0 la version num\u00e9rique des manuels\u00a0? &nbsp; http:\/\/www.eshoptraitdunion.gr\/el\/products\/%CE%97%CE%BB%CE%B5%CE%BA%CF%84%CF%81%CE%BF%CE%BD%CE%B9%CE%BA%CE%BF%CE%AF_%CE%9A%CF%89%CE%B4%CE%B9%CE%BA%CE%BF%CE%AF_-_%CE%A3%CF%85%CE%BC%CF%80%CE%BB%CE%B7%CF%81%CF%89%CE%BC%CE%B1%CF%84%CE%B9%CE%BA%CF%8C_%CE%A5%CE%BB%CE%B9%CE%BA%CF%8C\/%CE%A8%CE%B7%CF%86%CE%B9%CE%B1%CE%BA%CF%8C_%CE%A5%CE%BB%CE%B9%CE%BA%CF%8C\/ &nbsp; https:\/\/www.youtube.com\/watch?v=IK2QzfKBU00 \u00a0 a. Comment acc\u00e9der au manuel num\u00e9rique&hellip;<\/p>\n","protected":false},"author":4108,"featured_media":0,"parent":0,"menu_order":0,"comment_status":"closed","ping_status":"closed","template":"","meta":{"_acf_changed":false,"footnotes":""},"class_list":["post-9941","page","type-page","status-publish","hentry"],"acf":[],"yoast_head":"<!-- This site is optimized with the Yoast SEO plugin v27.4 - https:\/\/yoast.com\/product\/yoast-seo-wordpress\/ -->\n<title>Foire aux questions &#8211; Trait D&#039; Union<\/title>\n<meta name=\"description\" content=\"Foire aux questions &#8211;\" \/>\n<meta name=\"robots\" content=\"index, follow, max-snippet:-1, max-image-preview:large, max-video-preview:-1\" \/>\n<link rel=\"canonical\" href=\"https:\/\/traitdunion.gr\/fr\/%cf%83%cf%85%cf%87%ce%bd%ce%ad%cf%82-%ce%b5%cf%81%cf%89%cf%84%ce%ae%cf%83%ce%b5%ce%b9%cf%82\/\" \/>\n<meta property=\"og:locale\" content=\"fr_FR\" \/>\n<meta property=\"og:type\" content=\"article\" \/>\n<meta property=\"og:title\" content=\"Foire aux questions &#8211; Trait D&#039; Union\" \/>\n<meta property=\"og:description\" content=\"Foire aux questions &#8211;\" \/>\n<meta property=\"og:url\" content=\"https:\/\/traitdunion.gr\/fr\/%cf%83%cf%85%cf%87%ce%bd%ce%ad%cf%82-%ce%b5%cf%81%cf%89%cf%84%ce%ae%cf%83%ce%b5%ce%b9%cf%82\/\" \/>\n<meta property=\"og:site_name\" content=\"Trait D&#039; Union\" \/>\n<meta property=\"article:publisher\" content=\"https:\/\/www.facebook.com\/editionstraitdunion\" \/>\n<meta property=\"article:modified_time\" content=\"2025-11-29T13:38:38+00:00\" \/>\n<meta name=\"twitter:card\" content=\"summary_large_image\" \/>\n<meta name=\"twitter:label1\" content=\"Dur\u00e9e de lecture estim\u00e9e\" \/>\n\t<meta name=\"twitter:data1\" content=\"3 minutes\" \/>\n<script type=\"application\/ld+json\" class=\"yoast-schema-graph\">{\"@context\":\"https:\\\/\\\/schema.org\",\"@graph\":[{\"@type\":\"WebPage\",\"@id\":\"https:\\\/\\\/traitdunion.gr\\\/fr\\\/%cf%83%cf%85%cf%87%ce%bd%ce%ad%cf%82-%ce%b5%cf%81%cf%89%cf%84%ce%ae%cf%83%ce%b5%ce%b9%cf%82\\\/\",\"url\":\"https:\\\/\\\/traitdunion.gr\\\/fr\\\/%cf%83%cf%85%cf%87%ce%bd%ce%ad%cf%82-%ce%b5%cf%81%cf%89%cf%84%ce%ae%cf%83%ce%b5%ce%b9%cf%82\\\/\",\"name\":\"Foire aux questions &#8211; Trait D&#039; Union\",\"isPartOf\":{\"@id\":\"https:\\\/\\\/traitdunion.gr\\\/fr\\\/#website\"},\"datePublished\":\"2025-11-29T13:37:48+00:00\",\"dateModified\":\"2025-11-29T13:38:38+00:00\",\"description\":\"Foire aux questions &#8211;\",\"breadcrumb\":{\"@id\":\"https:\\\/\\\/traitdunion.gr\\\/fr\\\/%cf%83%cf%85%cf%87%ce%bd%ce%ad%cf%82-%ce%b5%cf%81%cf%89%cf%84%ce%ae%cf%83%ce%b5%ce%b9%cf%82\\\/#breadcrumb\"},\"inLanguage\":\"fr-FR\",\"potentialAction\":[{\"@type\":\"ReadAction\",\"target\":[\"https:\\\/\\\/traitdunion.gr\\\/fr\\\/%cf%83%cf%85%cf%87%ce%bd%ce%ad%cf%82-%ce%b5%cf%81%cf%89%cf%84%ce%ae%cf%83%ce%b5%ce%b9%cf%82\\\/\"]}]},{\"@type\":\"BreadcrumbList\",\"@id\":\"https:\\\/\\\/traitdunion.gr\\\/fr\\\/%cf%83%cf%85%cf%87%ce%bd%ce%ad%cf%82-%ce%b5%cf%81%cf%89%cf%84%ce%ae%cf%83%ce%b5%ce%b9%cf%82\\\/#breadcrumb\",\"itemListElement\":[{\"@type\":\"ListItem\",\"position\":1,\"name\":\"TRAIT D' UNION\",\"item\":\"https:\\\/\\\/traitdunion.gr\\\/fr\\\/\"},{\"@type\":\"ListItem\",\"position\":2,\"name\":\"Foire aux questions\"}]},{\"@type\":\"WebSite\",\"@id\":\"https:\\\/\\\/traitdunion.gr\\\/fr\\\/#website\",\"url\":\"https:\\\/\\\/traitdunion.gr\\\/fr\\\/\",\"name\":\"Trait D&#039; Union\",\"description\":\"Publications de livres en fran\u00e7ais\",\"publisher\":{\"@id\":\"https:\\\/\\\/traitdunion.gr\\\/fr\\\/#organization\"},\"potentialAction\":[{\"@type\":\"SearchAction\",\"target\":{\"@type\":\"EntryPoint\",\"urlTemplate\":\"https:\\\/\\\/traitdunion.gr\\\/fr\\\/?s={search_term_string}\"},\"query-input\":{\"@type\":\"PropertyValueSpecification\",\"valueRequired\":true,\"valueName\":\"search_term_string\"}}],\"inLanguage\":\"fr-FR\"},{\"@type\":\"Organization\",\"@id\":\"https:\\\/\\\/traitdunion.gr\\\/fr\\\/#organization\",\"name\":\"Trait D' Union\",\"url\":\"https:\\\/\\\/traitdunion.gr\\\/fr\\\/\",\"logo\":{\"@type\":\"ImageObject\",\"inLanguage\":\"fr-FR\",\"@id\":\"https:\\\/\\\/traitdunion.gr\\\/fr\\\/#\\\/schema\\\/logo\\\/image\\\/\",\"url\":\"https:\\\/\\\/traitdunion.gr\\\/wp-content\\\/uploads\\\/2021\\\/06\\\/logo.svg\",\"contentUrl\":\"https:\\\/\\\/traitdunion.gr\\\/wp-content\\\/uploads\\\/2021\\\/06\\\/logo.svg\",\"width\":1,\"height\":1,\"caption\":\"Trait D' Union\"},\"image\":{\"@id\":\"https:\\\/\\\/traitdunion.gr\\\/fr\\\/#\\\/schema\\\/logo\\\/image\\\/\"},\"sameAs\":[\"https:\\\/\\\/www.facebook.com\\\/editionstraitdunion\",\"https:\\\/\\\/www.youtube.com\\\/channel\\\/UChVwITx_xZxsT2Rl9BGEI2Q\"]}]}<\/script>\n<!-- \/ Yoast SEO plugin. -->","yoast_head_json":{"title":"Foire aux questions &#8211; Trait D&#039; Union","description":"Foire aux questions &#8211;","robots":{"index":"index","follow":"follow","max-snippet":"max-snippet:-1","max-image-preview":"max-image-preview:large","max-video-preview":"max-video-preview:-1"},"canonical":"https:\/\/traitdunion.gr\/fr\/%cf%83%cf%85%cf%87%ce%bd%ce%ad%cf%82-%ce%b5%cf%81%cf%89%cf%84%ce%ae%cf%83%ce%b5%ce%b9%cf%82\/","og_locale":"fr_FR","og_type":"article","og_title":"Foire aux questions &#8211; Trait D&#039; Union","og_description":"Foire aux questions &#8211;","og_url":"https:\/\/traitdunion.gr\/fr\/%cf%83%cf%85%cf%87%ce%bd%ce%ad%cf%82-%ce%b5%cf%81%cf%89%cf%84%ce%ae%cf%83%ce%b5%ce%b9%cf%82\/","og_site_name":"Trait D&#039; Union","article_publisher":"https:\/\/www.facebook.com\/editionstraitdunion","article_modified_time":"2025-11-29T13:38:38+00:00","twitter_card":"summary_large_image","twitter_misc":{"Dur\u00e9e de lecture estim\u00e9e":"3 minutes"},"schema":{"@context":"https:\/\/schema.org","@graph":[{"@type":"WebPage","@id":"https:\/\/traitdunion.gr\/fr\/%cf%83%cf%85%cf%87%ce%bd%ce%ad%cf%82-%ce%b5%cf%81%cf%89%cf%84%ce%ae%cf%83%ce%b5%ce%b9%cf%82\/","url":"https:\/\/traitdunion.gr\/fr\/%cf%83%cf%85%cf%87%ce%bd%ce%ad%cf%82-%ce%b5%cf%81%cf%89%cf%84%ce%ae%cf%83%ce%b5%ce%b9%cf%82\/","name":"Foire aux questions &#8211; Trait D&#039; Union","isPartOf":{"@id":"https:\/\/traitdunion.gr\/fr\/#website"},"datePublished":"2025-11-29T13:37:48+00:00","dateModified":"2025-11-29T13:38:38+00:00","description":"Foire aux questions &#8211;","breadcrumb":{"@id":"https:\/\/traitdunion.gr\/fr\/%cf%83%cf%85%cf%87%ce%bd%ce%ad%cf%82-%ce%b5%cf%81%cf%89%cf%84%ce%ae%cf%83%ce%b5%ce%b9%cf%82\/#breadcrumb"},"inLanguage":"fr-FR","potentialAction":[{"@type":"ReadAction","target":["https:\/\/traitdunion.gr\/fr\/%cf%83%cf%85%cf%87%ce%bd%ce%ad%cf%82-%ce%b5%cf%81%cf%89%cf%84%ce%ae%cf%83%ce%b5%ce%b9%cf%82\/"]}]},{"@type":"BreadcrumbList","@id":"https:\/\/traitdunion.gr\/fr\/%cf%83%cf%85%cf%87%ce%bd%ce%ad%cf%82-%ce%b5%cf%81%cf%89%cf%84%ce%ae%cf%83%ce%b5%ce%b9%cf%82\/#breadcrumb","itemListElement":[{"@type":"ListItem","position":1,"name":"TRAIT D' UNION","item":"https:\/\/traitdunion.gr\/fr\/"},{"@type":"ListItem","position":2,"name":"Foire aux questions"}]},{"@type":"WebSite","@id":"https:\/\/traitdunion.gr\/fr\/#website","url":"https:\/\/traitdunion.gr\/fr\/","name":"Trait D&#039; Union","description":"Publications de livres en fran\u00e7ais","publisher":{"@id":"https:\/\/traitdunion.gr\/fr\/#organization"},"potentialAction":[{"@type":"SearchAction","target":{"@type":"EntryPoint","urlTemplate":"https:\/\/traitdunion.gr\/fr\/?s={search_term_string}"},"query-input":{"@type":"PropertyValueSpecification","valueRequired":true,"valueName":"search_term_string"}}],"inLanguage":"fr-FR"},{"@type":"Organization","@id":"https:\/\/traitdunion.gr\/fr\/#organization","name":"Trait D' Union","url":"https:\/\/traitdunion.gr\/fr\/","logo":{"@type":"ImageObject","inLanguage":"fr-FR","@id":"https:\/\/traitdunion.gr\/fr\/#\/schema\/logo\/image\/","url":"https:\/\/traitdunion.gr\/wp-content\/uploads\/2021\/06\/logo.svg","contentUrl":"https:\/\/traitdunion.gr\/wp-content\/uploads\/2021\/06\/logo.svg","width":1,"height":1,"caption":"Trait D' Union"},"image":{"@id":"https:\/\/traitdunion.gr\/fr\/#\/schema\/logo\/image\/"},"sameAs":["https:\/\/www.facebook.com\/editionstraitdunion","https:\/\/www.youtube.com\/channel\/UChVwITx_xZxsT2Rl9BGEI2Q"]}]}},"_links":{"self":[{"href":"https:\/\/traitdunion.gr\/fr\/wp-json\/wp\/v2\/pages\/9941","targetHints":{"allow":["GET"]}}],"collection":[{"href":"https:\/\/traitdunion.gr\/fr\/wp-json\/wp\/v2\/pages"}],"about":[{"href":"https:\/\/traitdunion.gr\/fr\/wp-json\/wp\/v2\/types\/page"}],"author":[{"embeddable":true,"href":"https:\/\/traitdunion.gr\/fr\/wp-json\/wp\/v2\/users\/4108"}],"replies":[{"embeddable":true,"href":"https:\/\/traitdunion.gr\/fr\/wp-json\/wp\/v2\/comments?post=9941"}],"version-history":[{"count":1,"href":"https:\/\/traitdunion.gr\/fr\/wp-json\/wp\/v2\/pages\/9941\/revisions"}],"predecessor-version":[{"id":9942,"href":"https:\/\/traitdunion.gr\/fr\/wp-json\/wp\/v2\/pages\/9941\/revisions\/9942"}],"wp:attachment":[{"href":"https:\/\/traitdunion.gr\/fr\/wp-json\/wp\/v2\/media?parent=9941"}],"curies":[{"name":"wp","href":"https:\/\/api.w.org\/{rel}","templated":true}]}}