{"id":9247,"date":"2022-08-23T19:01:05","date_gmt":"2022-08-23T16:01:05","guid":{"rendered":"https:\/\/traitdunion.gr\/ebook-%ce%b3%ce%b9%ce%b1-%ce%ba%ce%b1%ce%b8%ce%b7%ce%b3%ce%b7%cf%84%ce%ad%cf%82-%ce%b5%ce%b3%ce%ba%ce%b1%cf%84%ce%ac%cf%83%cf%84%ce%b1%cf%83%ce%b7-%ce%b5%ce%bd%ce%b5%cf%81%ce%b3%ce%bf%cf%80%ce%bf%ce%af%ce%b7-2\/"},"modified":"2025-09-09T22:36:03","modified_gmt":"2025-09-09T19:36:03","slug":"ebook-%ce%b3%ce%b9%ce%b1-%ce%ba%ce%b1%ce%b8%ce%b7%ce%b3%ce%b7%cf%84%ce%ad%cf%82-%ce%b5%ce%b3%ce%ba%ce%b1%cf%84%ce%ac%cf%83%cf%84%ce%b1%cf%83%ce%b7-%ce%b5%ce%bd%ce%b5%cf%81%ce%b3%ce%bf%cf%80%ce%bf%ce%af%ce%b7-2","status":"publish","type":"page","link":"https:\/\/traitdunion.gr\/fr\/ebook-%ce%b3%ce%b9%ce%b1-%ce%ba%ce%b1%ce%b8%ce%b7%ce%b3%ce%b7%cf%84%ce%ad%cf%82-%ce%b5%ce%b3%ce%ba%ce%b1%cf%84%ce%ac%cf%83%cf%84%ce%b1%cf%83%ce%b7-%ce%b5%ce%bd%ce%b5%cf%81%ce%b3%ce%bf%cf%80%ce%bf%ce%af%ce%b7-2\/","title":{"rendered":"Installation, activation et utilisation du Manuel Num\u00e9rique Offline"},"content":{"rendered":"<p>Trait d\u2019Union a cr\u00e9\u00e9 une application pour Windows (10 et 11) et macOS permettant aux enseignants de t\u00e9l\u00e9charger, activer et utiliser hors ligne le mat\u00e9riel interactif de leur manuel num\u00e9rique sur leur ordinateur.<\/p>\n<p><strong>Pour Windows 10 et 11<\/strong> : T\u00e9l\u00e9chargez l'application \u00e0 partir du lien suivant\u00a0:<\/p>\n<p><a href=\"https:\/\/drive.google.com\/file\/d\/1hCGJXjTX6p6b8jGInafdreCJNrXOiAsT\/view?usp=sharing\">https:\/\/drive.google.com\/file\/d\/1hCGJXjTX6p6b8jGInafdreCJNrXOiAsT\/view?usp=sharing<\/a><\/p>\n<p><strong>Pour macOS : T\u00e9l\u00e9chargez l'application \u00e0 partir de ce lien\u00a0:<\/strong><\/p>\n<p><a href=\"https:\/\/drive.google.com\/file\/d\/1VV8Mkk-CXpXzJ_0QT-ay9sSCV4-_IMsz\/view?usp=sharing\">https:\/\/drive.google.com\/file\/d\/1VV8Mkk-CXpXzJ_0QT-ay9sSCV4-_IMsz\/view?usp=sharing<\/a><\/p>\n<p>Enregistrez l'application sur le bureau de votre ordinateur. Le t\u00e9l\u00e9chargement commencera automatiquement.<\/p>\n<ol>\n<li>Une fois le t\u00e9l\u00e9chargement termin\u00e9, cliquez sur \u00ab Extract \u00bb pour d\u00e9compresser le fichier.<\/li>\n<\/ol>\n<p>\u00a0 \u00a0 \u00a0 \u00a0 \u00a0 \u00a0 \u00a0<img loading=\"lazy\" decoding=\"async\" class=\"wp-image-9233 alignnone\" src=\"https:\/\/traitdunion.gr\/wp-content\/uploads\/2024\/08\/\u0395\u03b9\u03ba\u03cc\u03bd\u03b11.jpg\" alt=\"\" width=\"518\" height=\"328\" srcset=\"https:\/\/traitdunion.gr\/wp-content\/uploads\/2024\/08\/\u0395\u03b9\u03ba\u03cc\u03bd\u03b11.jpg 371w, https:\/\/traitdunion.gr\/wp-content\/uploads\/2024\/08\/\u0395\u03b9\u03ba\u03cc\u03bd\u03b11-295x188.jpg 295w\" sizes=\"auto, (max-width: 518px) 100vw, 518px\" \/><\/p>\n<p style=\"padding-left: 40px;\">2. Ouvrez l'application, puis cliquez sur \u00ab I agree \u00bb pour accepter les termes et conditions.<\/p>\n<p>\u00a0 \u00a0 \u00a0 \u00a0 \u00a0 \u00a0 \u00a0 <img loading=\"lazy\" decoding=\"async\" class=\"alignnone  wp-image-9236\" src=\"https:\/\/traitdunion.gr\/wp-content\/uploads\/2024\/08\/\u0395\u03b9\u03ba\u03cc\u03bd\u03b12.jpg\" alt=\"\" width=\"513\" height=\"382\" \/><\/p>\n<p style=\"padding-left: 40px;\">3. Une fois l'installation termin\u00e9e, vous pouvez activer le code de votre manuel num\u00e9rique en cliquant sur \u00ab +Activation du code \u00bb. Remplissez votre nom, votre adresse e-mail et le code fourni.<\/p>\n<p>\u00a0 \u00a0 \u00a0 \u00a0 \u00a0 \u00a0 \u00a0 <img loading=\"lazy\" decoding=\"async\" class=\"alignnone  wp-image-9238\" src=\"https:\/\/traitdunion.gr\/wp-content\/uploads\/2024\/08\/\u0395\u03b9\u03ba\u03cc\u03bd\u03b13-800x406.jpg\" alt=\"\" width=\"520\" height=\"277\" \/><\/p>\n<p style=\"padding-left: 40px;\">4. Vous recevrez ensuite un code PIN par e-mail. Saisissez ce code dans l'application pour commencer le t\u00e9l\u00e9chargement du mat\u00e9riel interactif.<\/p>\n<p>\u00a0 \u00a0 \u00a0 \u00a0 \u00a0 \u00a0 \u00a0 <img loading=\"lazy\" decoding=\"async\" class=\"alignnone  wp-image-9240\" src=\"https:\/\/traitdunion.gr\/wp-content\/uploads\/2024\/08\/\u0395\u03b9\u03ba\u03cc\u03bd\u03b14-800x413.jpg\" alt=\"\" width=\"535\" height=\"291\" \/><\/p>\n<p style=\"padding-left: 40px;\">5. Une fois le t\u00e9l\u00e9chargement termin\u00e9, cliquez sur \u00ab DEMARRER \u00bb pour ouvrir le manuel interactif.<\/p>\n<p>&nbsp;<\/p>\n","protected":false},"excerpt":{"rendered":"<p>Trait d\u2019Union a cr\u00e9\u00e9 une application pour Windows (10 et 11) et macOS permettant aux enseignants de t\u00e9l\u00e9charger, activer et utiliser hors ligne le mat\u00e9riel interactif de leur manuel num\u00e9rique sur leur ordinateur. Pour Windows 10 et 11 : T\u00e9l\u00e9chargez l'application \u00e0 partir du lien suivant\u00a0: https:\/\/drive.google.com\/file\/d\/1hCGJXjTX6p6b8jGInafdreCJNrXOiAsT\/view?usp=sharing Pour macOS :&hellip;<\/p>\n","protected":false},"author":4108,"featured_media":0,"parent":0,"menu_order":0,"comment_status":"closed","ping_status":"closed","template":"","meta":{"_acf_changed":false,"footnotes":""},"class_list":["post-9247","page","type-page","status-publish","hentry"],"acf":[],"yoast_head":"<!-- This site is optimized with the Yoast SEO plugin v27.4 - https:\/\/yoast.com\/product\/yoast-seo-wordpress\/ -->\n<title>Installation, activation et utilisation du Manuel Num\u00e9rique Offline &#8211; Trait D&#039; Union<\/title>\n<meta name=\"description\" content=\"Installation, activation et utilisation du Manuel Num\u00e9rique Offline &#8211;\" \/>\n<meta name=\"robots\" content=\"index, follow, max-snippet:-1, max-image-preview:large, max-video-preview:-1\" \/>\n<link rel=\"canonical\" href=\"https:\/\/traitdunion.gr\/fr\/ebook-%ce%b3%ce%b9%ce%b1-%ce%ba%ce%b1%ce%b8%ce%b7%ce%b3%ce%b7%cf%84%ce%ad%cf%82-%ce%b5%ce%b3%ce%ba%ce%b1%cf%84%ce%ac%cf%83%cf%84%ce%b1%cf%83%ce%b7-%ce%b5%ce%bd%ce%b5%cf%81%ce%b3%ce%bf%cf%80%ce%bf%ce%af%ce%b7-2\/\" \/>\n<meta property=\"og:locale\" content=\"fr_FR\" \/>\n<meta property=\"og:type\" content=\"article\" \/>\n<meta property=\"og:title\" content=\"Installation, activation et utilisation du Manuel Num\u00e9rique Offline &#8211; Trait D&#039; Union\" \/>\n<meta property=\"og:description\" content=\"Installation, activation et utilisation du Manuel Num\u00e9rique Offline &#8211;\" \/>\n<meta property=\"og:url\" content=\"https:\/\/traitdunion.gr\/fr\/ebook-%ce%b3%ce%b9%ce%b1-%ce%ba%ce%b1%ce%b8%ce%b7%ce%b3%ce%b7%cf%84%ce%ad%cf%82-%ce%b5%ce%b3%ce%ba%ce%b1%cf%84%ce%ac%cf%83%cf%84%ce%b1%cf%83%ce%b7-%ce%b5%ce%bd%ce%b5%cf%81%ce%b3%ce%bf%cf%80%ce%bf%ce%af%ce%b7-2\/\" \/>\n<meta property=\"og:site_name\" content=\"Trait D&#039; Union\" \/>\n<meta property=\"article:publisher\" content=\"https:\/\/www.facebook.com\/editionstraitdunion\" \/>\n<meta property=\"article:modified_time\" content=\"2025-09-09T19:36:03+00:00\" \/>\n<meta name=\"twitter:card\" content=\"summary_large_image\" \/>\n<meta name=\"twitter:label1\" content=\"Dur\u00e9e de lecture estim\u00e9e\" \/>\n\t<meta name=\"twitter:data1\" content=\"1 minute\" \/>\n<script type=\"application\/ld+json\" class=\"yoast-schema-graph\">{\"@context\":\"https:\\\/\\\/schema.org\",\"@graph\":[{\"@type\":\"WebPage\",\"@id\":\"https:\\\/\\\/traitdunion.gr\\\/fr\\\/ebook-%ce%b3%ce%b9%ce%b1-%ce%ba%ce%b1%ce%b8%ce%b7%ce%b3%ce%b7%cf%84%ce%ad%cf%82-%ce%b5%ce%b3%ce%ba%ce%b1%cf%84%ce%ac%cf%83%cf%84%ce%b1%cf%83%ce%b7-%ce%b5%ce%bd%ce%b5%cf%81%ce%b3%ce%bf%cf%80%ce%bf%ce%af%ce%b7-2\\\/\",\"url\":\"https:\\\/\\\/traitdunion.gr\\\/fr\\\/ebook-%ce%b3%ce%b9%ce%b1-%ce%ba%ce%b1%ce%b8%ce%b7%ce%b3%ce%b7%cf%84%ce%ad%cf%82-%ce%b5%ce%b3%ce%ba%ce%b1%cf%84%ce%ac%cf%83%cf%84%ce%b1%cf%83%ce%b7-%ce%b5%ce%bd%ce%b5%cf%81%ce%b3%ce%bf%cf%80%ce%bf%ce%af%ce%b7-2\\\/\",\"name\":\"Installation, activation et utilisation du Manuel Num\u00e9rique Offline &#8211; Trait D&#039; Union\",\"isPartOf\":{\"@id\":\"https:\\\/\\\/traitdunion.gr\\\/fr\\\/#website\"},\"datePublished\":\"2022-08-23T16:01:05+00:00\",\"dateModified\":\"2025-09-09T19:36:03+00:00\",\"description\":\"Installation, activation et utilisation du Manuel Num\u00e9rique Offline &#8211;\",\"breadcrumb\":{\"@id\":\"https:\\\/\\\/traitdunion.gr\\\/fr\\\/ebook-%ce%b3%ce%b9%ce%b1-%ce%ba%ce%b1%ce%b8%ce%b7%ce%b3%ce%b7%cf%84%ce%ad%cf%82-%ce%b5%ce%b3%ce%ba%ce%b1%cf%84%ce%ac%cf%83%cf%84%ce%b1%cf%83%ce%b7-%ce%b5%ce%bd%ce%b5%cf%81%ce%b3%ce%bf%cf%80%ce%bf%ce%af%ce%b7-2\\\/#breadcrumb\"},\"inLanguage\":\"fr-FR\",\"potentialAction\":[{\"@type\":\"ReadAction\",\"target\":[\"https:\\\/\\\/traitdunion.gr\\\/fr\\\/ebook-%ce%b3%ce%b9%ce%b1-%ce%ba%ce%b1%ce%b8%ce%b7%ce%b3%ce%b7%cf%84%ce%ad%cf%82-%ce%b5%ce%b3%ce%ba%ce%b1%cf%84%ce%ac%cf%83%cf%84%ce%b1%cf%83%ce%b7-%ce%b5%ce%bd%ce%b5%cf%81%ce%b3%ce%bf%cf%80%ce%bf%ce%af%ce%b7-2\\\/\"]}]},{\"@type\":\"BreadcrumbList\",\"@id\":\"https:\\\/\\\/traitdunion.gr\\\/fr\\\/ebook-%ce%b3%ce%b9%ce%b1-%ce%ba%ce%b1%ce%b8%ce%b7%ce%b3%ce%b7%cf%84%ce%ad%cf%82-%ce%b5%ce%b3%ce%ba%ce%b1%cf%84%ce%ac%cf%83%cf%84%ce%b1%cf%83%ce%b7-%ce%b5%ce%bd%ce%b5%cf%81%ce%b3%ce%bf%cf%80%ce%bf%ce%af%ce%b7-2\\\/#breadcrumb\",\"itemListElement\":[{\"@type\":\"ListItem\",\"position\":1,\"name\":\"TRAIT D' UNION\",\"item\":\"https:\\\/\\\/traitdunion.gr\\\/fr\\\/\"},{\"@type\":\"ListItem\",\"position\":2,\"name\":\"Installation, activation et utilisation du Manuel Num\u00e9rique Offline\"}]},{\"@type\":\"WebSite\",\"@id\":\"https:\\\/\\\/traitdunion.gr\\\/fr\\\/#website\",\"url\":\"https:\\\/\\\/traitdunion.gr\\\/fr\\\/\",\"name\":\"Trait D&#039; Union\",\"description\":\"Publications de livres en fran\u00e7ais\",\"publisher\":{\"@id\":\"https:\\\/\\\/traitdunion.gr\\\/fr\\\/#organization\"},\"potentialAction\":[{\"@type\":\"SearchAction\",\"target\":{\"@type\":\"EntryPoint\",\"urlTemplate\":\"https:\\\/\\\/traitdunion.gr\\\/fr\\\/?s={search_term_string}\"},\"query-input\":{\"@type\":\"PropertyValueSpecification\",\"valueRequired\":true,\"valueName\":\"search_term_string\"}}],\"inLanguage\":\"fr-FR\"},{\"@type\":\"Organization\",\"@id\":\"https:\\\/\\\/traitdunion.gr\\\/fr\\\/#organization\",\"name\":\"Trait D' Union\",\"url\":\"https:\\\/\\\/traitdunion.gr\\\/fr\\\/\",\"logo\":{\"@type\":\"ImageObject\",\"inLanguage\":\"fr-FR\",\"@id\":\"https:\\\/\\\/traitdunion.gr\\\/fr\\\/#\\\/schema\\\/logo\\\/image\\\/\",\"url\":\"https:\\\/\\\/traitdunion.gr\\\/wp-content\\\/uploads\\\/2021\\\/06\\\/logo.svg\",\"contentUrl\":\"https:\\\/\\\/traitdunion.gr\\\/wp-content\\\/uploads\\\/2021\\\/06\\\/logo.svg\",\"width\":1,\"height\":1,\"caption\":\"Trait D' Union\"},\"image\":{\"@id\":\"https:\\\/\\\/traitdunion.gr\\\/fr\\\/#\\\/schema\\\/logo\\\/image\\\/\"},\"sameAs\":[\"https:\\\/\\\/www.facebook.com\\\/editionstraitdunion\",\"https:\\\/\\\/www.youtube.com\\\/channel\\\/UChVwITx_xZxsT2Rl9BGEI2Q\"]}]}<\/script>\n<!-- \/ Yoast SEO plugin. -->","yoast_head_json":{"title":"Installation, activation et utilisation du Manuel Num\u00e9rique Offline &#8211; Trait D&#039; Union","description":"Installation, activation et utilisation du Manuel Num\u00e9rique Offline &#8211;","robots":{"index":"index","follow":"follow","max-snippet":"max-snippet:-1","max-image-preview":"max-image-preview:large","max-video-preview":"max-video-preview:-1"},"canonical":"https:\/\/traitdunion.gr\/fr\/ebook-%ce%b3%ce%b9%ce%b1-%ce%ba%ce%b1%ce%b8%ce%b7%ce%b3%ce%b7%cf%84%ce%ad%cf%82-%ce%b5%ce%b3%ce%ba%ce%b1%cf%84%ce%ac%cf%83%cf%84%ce%b1%cf%83%ce%b7-%ce%b5%ce%bd%ce%b5%cf%81%ce%b3%ce%bf%cf%80%ce%bf%ce%af%ce%b7-2\/","og_locale":"fr_FR","og_type":"article","og_title":"Installation, activation et utilisation du Manuel Num\u00e9rique Offline &#8211; Trait D&#039; Union","og_description":"Installation, activation et utilisation du Manuel Num\u00e9rique Offline &#8211;","og_url":"https:\/\/traitdunion.gr\/fr\/ebook-%ce%b3%ce%b9%ce%b1-%ce%ba%ce%b1%ce%b8%ce%b7%ce%b3%ce%b7%cf%84%ce%ad%cf%82-%ce%b5%ce%b3%ce%ba%ce%b1%cf%84%ce%ac%cf%83%cf%84%ce%b1%cf%83%ce%b7-%ce%b5%ce%bd%ce%b5%cf%81%ce%b3%ce%bf%cf%80%ce%bf%ce%af%ce%b7-2\/","og_site_name":"Trait D&#039; Union","article_publisher":"https:\/\/www.facebook.com\/editionstraitdunion","article_modified_time":"2025-09-09T19:36:03+00:00","twitter_card":"summary_large_image","twitter_misc":{"Dur\u00e9e de lecture estim\u00e9e":"1 minute"},"schema":{"@context":"https:\/\/schema.org","@graph":[{"@type":"WebPage","@id":"https:\/\/traitdunion.gr\/fr\/ebook-%ce%b3%ce%b9%ce%b1-%ce%ba%ce%b1%ce%b8%ce%b7%ce%b3%ce%b7%cf%84%ce%ad%cf%82-%ce%b5%ce%b3%ce%ba%ce%b1%cf%84%ce%ac%cf%83%cf%84%ce%b1%cf%83%ce%b7-%ce%b5%ce%bd%ce%b5%cf%81%ce%b3%ce%bf%cf%80%ce%bf%ce%af%ce%b7-2\/","url":"https:\/\/traitdunion.gr\/fr\/ebook-%ce%b3%ce%b9%ce%b1-%ce%ba%ce%b1%ce%b8%ce%b7%ce%b3%ce%b7%cf%84%ce%ad%cf%82-%ce%b5%ce%b3%ce%ba%ce%b1%cf%84%ce%ac%cf%83%cf%84%ce%b1%cf%83%ce%b7-%ce%b5%ce%bd%ce%b5%cf%81%ce%b3%ce%bf%cf%80%ce%bf%ce%af%ce%b7-2\/","name":"Installation, activation et utilisation du Manuel Num\u00e9rique Offline &#8211; Trait D&#039; Union","isPartOf":{"@id":"https:\/\/traitdunion.gr\/fr\/#website"},"datePublished":"2022-08-23T16:01:05+00:00","dateModified":"2025-09-09T19:36:03+00:00","description":"Installation, activation et utilisation du Manuel Num\u00e9rique Offline &#8211;","breadcrumb":{"@id":"https:\/\/traitdunion.gr\/fr\/ebook-%ce%b3%ce%b9%ce%b1-%ce%ba%ce%b1%ce%b8%ce%b7%ce%b3%ce%b7%cf%84%ce%ad%cf%82-%ce%b5%ce%b3%ce%ba%ce%b1%cf%84%ce%ac%cf%83%cf%84%ce%b1%cf%83%ce%b7-%ce%b5%ce%bd%ce%b5%cf%81%ce%b3%ce%bf%cf%80%ce%bf%ce%af%ce%b7-2\/#breadcrumb"},"inLanguage":"fr-FR","potentialAction":[{"@type":"ReadAction","target":["https:\/\/traitdunion.gr\/fr\/ebook-%ce%b3%ce%b9%ce%b1-%ce%ba%ce%b1%ce%b8%ce%b7%ce%b3%ce%b7%cf%84%ce%ad%cf%82-%ce%b5%ce%b3%ce%ba%ce%b1%cf%84%ce%ac%cf%83%cf%84%ce%b1%cf%83%ce%b7-%ce%b5%ce%bd%ce%b5%cf%81%ce%b3%ce%bf%cf%80%ce%bf%ce%af%ce%b7-2\/"]}]},{"@type":"BreadcrumbList","@id":"https:\/\/traitdunion.gr\/fr\/ebook-%ce%b3%ce%b9%ce%b1-%ce%ba%ce%b1%ce%b8%ce%b7%ce%b3%ce%b7%cf%84%ce%ad%cf%82-%ce%b5%ce%b3%ce%ba%ce%b1%cf%84%ce%ac%cf%83%cf%84%ce%b1%cf%83%ce%b7-%ce%b5%ce%bd%ce%b5%cf%81%ce%b3%ce%bf%cf%80%ce%bf%ce%af%ce%b7-2\/#breadcrumb","itemListElement":[{"@type":"ListItem","position":1,"name":"TRAIT D' UNION","item":"https:\/\/traitdunion.gr\/fr\/"},{"@type":"ListItem","position":2,"name":"Installation, activation et utilisation du Manuel Num\u00e9rique Offline"}]},{"@type":"WebSite","@id":"https:\/\/traitdunion.gr\/fr\/#website","url":"https:\/\/traitdunion.gr\/fr\/","name":"Trait D&#039; Union","description":"Publications de livres en fran\u00e7ais","publisher":{"@id":"https:\/\/traitdunion.gr\/fr\/#organization"},"potentialAction":[{"@type":"SearchAction","target":{"@type":"EntryPoint","urlTemplate":"https:\/\/traitdunion.gr\/fr\/?s={search_term_string}"},"query-input":{"@type":"PropertyValueSpecification","valueRequired":true,"valueName":"search_term_string"}}],"inLanguage":"fr-FR"},{"@type":"Organization","@id":"https:\/\/traitdunion.gr\/fr\/#organization","name":"Trait D' Union","url":"https:\/\/traitdunion.gr\/fr\/","logo":{"@type":"ImageObject","inLanguage":"fr-FR","@id":"https:\/\/traitdunion.gr\/fr\/#\/schema\/logo\/image\/","url":"https:\/\/traitdunion.gr\/wp-content\/uploads\/2021\/06\/logo.svg","contentUrl":"https:\/\/traitdunion.gr\/wp-content\/uploads\/2021\/06\/logo.svg","width":1,"height":1,"caption":"Trait D' Union"},"image":{"@id":"https:\/\/traitdunion.gr\/fr\/#\/schema\/logo\/image\/"},"sameAs":["https:\/\/www.facebook.com\/editionstraitdunion","https:\/\/www.youtube.com\/channel\/UChVwITx_xZxsT2Rl9BGEI2Q"]}]}},"_links":{"self":[{"href":"https:\/\/traitdunion.gr\/fr\/wp-json\/wp\/v2\/pages\/9247","targetHints":{"allow":["GET"]}}],"collection":[{"href":"https:\/\/traitdunion.gr\/fr\/wp-json\/wp\/v2\/pages"}],"about":[{"href":"https:\/\/traitdunion.gr\/fr\/wp-json\/wp\/v2\/types\/page"}],"author":[{"embeddable":true,"href":"https:\/\/traitdunion.gr\/fr\/wp-json\/wp\/v2\/users\/4108"}],"replies":[{"embeddable":true,"href":"https:\/\/traitdunion.gr\/fr\/wp-json\/wp\/v2\/comments?post=9247"}],"version-history":[{"count":2,"href":"https:\/\/traitdunion.gr\/fr\/wp-json\/wp\/v2\/pages\/9247\/revisions"}],"predecessor-version":[{"id":9909,"href":"https:\/\/traitdunion.gr\/fr\/wp-json\/wp\/v2\/pages\/9247\/revisions\/9909"}],"wp:attachment":[{"href":"https:\/\/traitdunion.gr\/fr\/wp-json\/wp\/v2\/media?parent=9247"}],"curies":[{"name":"wp","href":"https:\/\/api.w.org\/{rel}","templated":true}]}}