{"id":8141,"date":"2021-03-29T17:12:57","date_gmt":"2021-03-29T14:12:57","guid":{"rendered":"https:\/\/traitdunion.gr\/our-company\/"},"modified":"2023-01-11T11:35:21","modified_gmt":"2023-01-11T09:35:21","slug":"our-company","status":"publish","type":"page","link":"https:\/\/traitdunion.gr\/fr\/our-company\/","title":{"rendered":"L'entreprise"},"content":{"rendered":"<p><strong><em>Trait d\u2019union<\/em><\/strong> est une maison d\u2019\u00e9dition francophone, cr\u00e9\u00e9e \u00e0 Ath\u00e8nes en 2001.<\/p>\n<p>Il s\u2019agit d\u2019une soci\u00e9t\u00e9 anonyme enregistr\u00e9e sous la d\u00e9nomination sociale <strong><em>V\u00e9ronique Donzelle SA<\/em><\/strong> et la marque <strong><em>Trait d'union<\/em><\/strong>.<\/p>\n<p>Depuis sa fondation, son activit\u00e9 principale est la publication de livres d\u2019apprentissage du fran\u00e7ais (en version papier ou num\u00e9rique).<\/p>\n<p>Gr\u00e2ce \u00e0 ses nombreuses innovations, <strong><em>Trait d\u2019union<\/em><\/strong> a r\u00e9volutionn\u00e9 le march\u00e9 grec des \u00e9ditions de FLE (Fran\u00e7ais Langue \u00c9trang\u00e8re). La cr\u00e9ation du livre du professeur, la publication de m\u00e9thodes d\u2019apprentissage du fran\u00e7ais adapt\u00e9es au public grec, une nouvelle conception de manuels de pr\u00e9paration aux examens, en sont quelques exemples.<\/p>\n<p>La contribution de <strong><em>Trait d\u2019union<\/em><\/strong> est reconnue par le milieu \u00e9ducatif et il s\u2019agit, jusqu\u2019\u00e0 aujourd\u2019hui, de la premi\u00e8re et de la plus importante maison d\u2019\u00e9dition sp\u00e9cialis\u00e9e en FLE sur le march\u00e9 grec. Au moins un apprenant sur deux choisit les manuels de <strong><em>Trait d\u2019union<\/em><\/strong> parmi ceux des dix principaux \u00e9diteurs.<\/p>\n<p>L\u2019objectif de <strong><em>Trait d\u2019union<\/em><\/strong>, qui impr\u00e8gne toutes ses activit\u00e9s (manuels, webinaires d\u2019information et de formation, tests de niveau, mat\u00e9riels suppl\u00e9mentaires, etc.), est de publier du mat\u00e9riel de qualit\u00e9 aidant les enseignants \u00e0 transmettre efficacement des connaissances et les \u00e9l\u00e8ves \u00e0 apprendre le mieux possible le fran\u00e7ais.<\/p>\n<div id=\"gtx-trans\" style=\"position: absolute; left: 798px; top: 402px;\">\n<div class=\"gtx-trans-icon\">\u00a0<\/div>\n<\/div>\n","protected":false},"excerpt":{"rendered":"<p>Trait d\u2019union est une maison d\u2019\u00e9dition francophone, cr\u00e9\u00e9e \u00e0 Ath\u00e8nes en 2001. Il s\u2019agit d\u2019une soci\u00e9t\u00e9 anonyme enregistr\u00e9e sous la d\u00e9nomination sociale V\u00e9ronique Donzelle SA et la marque Trait d'union. Depuis sa fondation, son activit\u00e9 principale est la publication de livres d\u2019apprentissage du fran\u00e7ais (en version papier ou num\u00e9rique). Gr\u00e2ce&hellip;<\/p>\n","protected":false},"author":1,"featured_media":0,"parent":0,"menu_order":0,"comment_status":"closed","ping_status":"closed","template":"","meta":{"_acf_changed":false,"footnotes":""},"class_list":["post-8141","page","type-page","status-publish","hentry"],"acf":[],"yoast_head":"<!-- This site is optimized with the Yoast SEO plugin v27.4 - https:\/\/yoast.com\/product\/yoast-seo-wordpress\/ -->\n<title>L&#039;entreprise &#8211; Trait D&#039; Union<\/title>\n<meta name=\"description\" content=\"L&#039;entreprise &#8211;\" \/>\n<meta name=\"robots\" content=\"index, follow, max-snippet:-1, max-image-preview:large, max-video-preview:-1\" \/>\n<link rel=\"canonical\" href=\"https:\/\/traitdunion.gr\/fr\/our-company\/\" \/>\n<meta property=\"og:locale\" content=\"fr_FR\" \/>\n<meta property=\"og:type\" content=\"article\" \/>\n<meta property=\"og:title\" content=\"L&#039;entreprise &#8211; Trait D&#039; Union\" \/>\n<meta property=\"og:description\" content=\"L&#039;entreprise &#8211;\" \/>\n<meta property=\"og:url\" content=\"https:\/\/traitdunion.gr\/fr\/our-company\/\" \/>\n<meta property=\"og:site_name\" content=\"Trait D&#039; Union\" \/>\n<meta property=\"article:publisher\" content=\"https:\/\/www.facebook.com\/editionstraitdunion\" \/>\n<meta property=\"article:modified_time\" content=\"2023-01-11T09:35:21+00:00\" \/>\n<meta name=\"twitter:card\" content=\"summary_large_image\" \/>\n<meta name=\"twitter:label1\" content=\"Dur\u00e9e de lecture estim\u00e9e\" \/>\n\t<meta name=\"twitter:data1\" content=\"1 minute\" \/>\n<script type=\"application\/ld+json\" class=\"yoast-schema-graph\">{\"@context\":\"https:\\\/\\\/schema.org\",\"@graph\":[{\"@type\":\"WebPage\",\"@id\":\"https:\\\/\\\/traitdunion.gr\\\/fr\\\/our-company\\\/\",\"url\":\"https:\\\/\\\/traitdunion.gr\\\/fr\\\/our-company\\\/\",\"name\":\"L'entreprise &#8211; Trait D&#039; Union\",\"isPartOf\":{\"@id\":\"https:\\\/\\\/traitdunion.gr\\\/fr\\\/#website\"},\"datePublished\":\"2021-03-29T14:12:57+00:00\",\"dateModified\":\"2023-01-11T09:35:21+00:00\",\"description\":\"L'entreprise &#8211;\",\"breadcrumb\":{\"@id\":\"https:\\\/\\\/traitdunion.gr\\\/fr\\\/our-company\\\/#breadcrumb\"},\"inLanguage\":\"fr-FR\",\"potentialAction\":[{\"@type\":\"ReadAction\",\"target\":[\"https:\\\/\\\/traitdunion.gr\\\/fr\\\/our-company\\\/\"]}]},{\"@type\":\"BreadcrumbList\",\"@id\":\"https:\\\/\\\/traitdunion.gr\\\/fr\\\/our-company\\\/#breadcrumb\",\"itemListElement\":[{\"@type\":\"ListItem\",\"position\":1,\"name\":\"TRAIT D' UNION\",\"item\":\"https:\\\/\\\/traitdunion.gr\\\/fr\\\/\"},{\"@type\":\"ListItem\",\"position\":2,\"name\":\"L&#8217;entreprise\"}]},{\"@type\":\"WebSite\",\"@id\":\"https:\\\/\\\/traitdunion.gr\\\/fr\\\/#website\",\"url\":\"https:\\\/\\\/traitdunion.gr\\\/fr\\\/\",\"name\":\"Trait D&#039; Union\",\"description\":\"Publications de livres en fran\u00e7ais\",\"publisher\":{\"@id\":\"https:\\\/\\\/traitdunion.gr\\\/fr\\\/#organization\"},\"potentialAction\":[{\"@type\":\"SearchAction\",\"target\":{\"@type\":\"EntryPoint\",\"urlTemplate\":\"https:\\\/\\\/traitdunion.gr\\\/fr\\\/?s={search_term_string}\"},\"query-input\":{\"@type\":\"PropertyValueSpecification\",\"valueRequired\":true,\"valueName\":\"search_term_string\"}}],\"inLanguage\":\"fr-FR\"},{\"@type\":\"Organization\",\"@id\":\"https:\\\/\\\/traitdunion.gr\\\/fr\\\/#organization\",\"name\":\"Trait D' Union\",\"url\":\"https:\\\/\\\/traitdunion.gr\\\/fr\\\/\",\"logo\":{\"@type\":\"ImageObject\",\"inLanguage\":\"fr-FR\",\"@id\":\"https:\\\/\\\/traitdunion.gr\\\/fr\\\/#\\\/schema\\\/logo\\\/image\\\/\",\"url\":\"https:\\\/\\\/traitdunion.gr\\\/wp-content\\\/uploads\\\/2021\\\/06\\\/logo.svg\",\"contentUrl\":\"https:\\\/\\\/traitdunion.gr\\\/wp-content\\\/uploads\\\/2021\\\/06\\\/logo.svg\",\"width\":1,\"height\":1,\"caption\":\"Trait D' Union\"},\"image\":{\"@id\":\"https:\\\/\\\/traitdunion.gr\\\/fr\\\/#\\\/schema\\\/logo\\\/image\\\/\"},\"sameAs\":[\"https:\\\/\\\/www.facebook.com\\\/editionstraitdunion\",\"https:\\\/\\\/www.youtube.com\\\/channel\\\/UChVwITx_xZxsT2Rl9BGEI2Q\"]}]}<\/script>\n<!-- \/ Yoast SEO plugin. -->","yoast_head_json":{"title":"L'entreprise &#8211; Trait D&#039; Union","description":"L'entreprise &#8211;","robots":{"index":"index","follow":"follow","max-snippet":"max-snippet:-1","max-image-preview":"max-image-preview:large","max-video-preview":"max-video-preview:-1"},"canonical":"https:\/\/traitdunion.gr\/fr\/our-company\/","og_locale":"fr_FR","og_type":"article","og_title":"L'entreprise &#8211; Trait D&#039; Union","og_description":"L'entreprise &#8211;","og_url":"https:\/\/traitdunion.gr\/fr\/our-company\/","og_site_name":"Trait D&#039; Union","article_publisher":"https:\/\/www.facebook.com\/editionstraitdunion","article_modified_time":"2023-01-11T09:35:21+00:00","twitter_card":"summary_large_image","twitter_misc":{"Dur\u00e9e de lecture estim\u00e9e":"1 minute"},"schema":{"@context":"https:\/\/schema.org","@graph":[{"@type":"WebPage","@id":"https:\/\/traitdunion.gr\/fr\/our-company\/","url":"https:\/\/traitdunion.gr\/fr\/our-company\/","name":"L'entreprise &#8211; Trait D&#039; Union","isPartOf":{"@id":"https:\/\/traitdunion.gr\/fr\/#website"},"datePublished":"2021-03-29T14:12:57+00:00","dateModified":"2023-01-11T09:35:21+00:00","description":"L'entreprise &#8211;","breadcrumb":{"@id":"https:\/\/traitdunion.gr\/fr\/our-company\/#breadcrumb"},"inLanguage":"fr-FR","potentialAction":[{"@type":"ReadAction","target":["https:\/\/traitdunion.gr\/fr\/our-company\/"]}]},{"@type":"BreadcrumbList","@id":"https:\/\/traitdunion.gr\/fr\/our-company\/#breadcrumb","itemListElement":[{"@type":"ListItem","position":1,"name":"TRAIT D' UNION","item":"https:\/\/traitdunion.gr\/fr\/"},{"@type":"ListItem","position":2,"name":"L&#8217;entreprise"}]},{"@type":"WebSite","@id":"https:\/\/traitdunion.gr\/fr\/#website","url":"https:\/\/traitdunion.gr\/fr\/","name":"Trait D&#039; Union","description":"Publications de livres en fran\u00e7ais","publisher":{"@id":"https:\/\/traitdunion.gr\/fr\/#organization"},"potentialAction":[{"@type":"SearchAction","target":{"@type":"EntryPoint","urlTemplate":"https:\/\/traitdunion.gr\/fr\/?s={search_term_string}"},"query-input":{"@type":"PropertyValueSpecification","valueRequired":true,"valueName":"search_term_string"}}],"inLanguage":"fr-FR"},{"@type":"Organization","@id":"https:\/\/traitdunion.gr\/fr\/#organization","name":"Trait D' Union","url":"https:\/\/traitdunion.gr\/fr\/","logo":{"@type":"ImageObject","inLanguage":"fr-FR","@id":"https:\/\/traitdunion.gr\/fr\/#\/schema\/logo\/image\/","url":"https:\/\/traitdunion.gr\/wp-content\/uploads\/2021\/06\/logo.svg","contentUrl":"https:\/\/traitdunion.gr\/wp-content\/uploads\/2021\/06\/logo.svg","width":1,"height":1,"caption":"Trait D' Union"},"image":{"@id":"https:\/\/traitdunion.gr\/fr\/#\/schema\/logo\/image\/"},"sameAs":["https:\/\/www.facebook.com\/editionstraitdunion","https:\/\/www.youtube.com\/channel\/UChVwITx_xZxsT2Rl9BGEI2Q"]}]}},"_links":{"self":[{"href":"https:\/\/traitdunion.gr\/fr\/wp-json\/wp\/v2\/pages\/8141","targetHints":{"allow":["GET"]}}],"collection":[{"href":"https:\/\/traitdunion.gr\/fr\/wp-json\/wp\/v2\/pages"}],"about":[{"href":"https:\/\/traitdunion.gr\/fr\/wp-json\/wp\/v2\/types\/page"}],"author":[{"embeddable":true,"href":"https:\/\/traitdunion.gr\/fr\/wp-json\/wp\/v2\/users\/1"}],"replies":[{"embeddable":true,"href":"https:\/\/traitdunion.gr\/fr\/wp-json\/wp\/v2\/comments?post=8141"}],"version-history":[{"count":2,"href":"https:\/\/traitdunion.gr\/fr\/wp-json\/wp\/v2\/pages\/8141\/revisions"}],"predecessor-version":[{"id":8849,"href":"https:\/\/traitdunion.gr\/fr\/wp-json\/wp\/v2\/pages\/8141\/revisions\/8849"}],"wp:attachment":[{"href":"https:\/\/traitdunion.gr\/fr\/wp-json\/wp\/v2\/media?parent=8141"}],"curies":[{"name":"wp","href":"https:\/\/api.w.org\/{rel}","templated":true}]}}